{"id":1669,"date":"2025-05-18T09:55:02","date_gmt":"2025-05-18T07:55:02","guid":{"rendered":"http:\/\/csri.korpak.hu\/?page_id=1669"},"modified":"2025-06-09T15:31:37","modified_gmt":"2025-06-09T13:31:37","slug":"mariann-freed","status":"publish","type":"page","link":"https:\/\/www.cranioreflex.com\/fr\/membres-2\/enseignants-en-rse\/mariann-freed\/","title":{"rendered":"Mariann Freed"},"content":{"rendered":"<div id='av_section_1'  class='avia-section av-av_section-5e430b4aa6adbe6459311de06b472db6 footer_color avia-section-default avia-no-border-styling  avia-builder-el-0  el_before_av_one_half  avia-builder-el-first  avia-bg-style-scroll container_wrap fullsize'  ><div class='container av-section-cont-open' ><main  role=\"main\" itemprop=\"mainContentOfPage\"  class='template-page content  av-content-full alpha units'><div class='post-entry post-entry-type-page post-entry-1669'><div class='entry-content-wrapper clearfix'>\n\n<style type=\"text\/css\" data-created_by=\"avia_inline_auto\" id=\"style-css-av-mbaynz1r-cd02c19fe33c6d4fd7369fcca310f5dc\">\n#top .av_textblock_section.av-mbaynz1r-cd02c19fe33c6d4fd7369fcca310f5dc .avia_textblock{\ncolor:#ffffff;\n}\n<\/style>\n<section  class='av_textblock_section av-mbaynz1r-cd02c19fe33c6d4fd7369fcca310f5dc '   itemscope=\"itemscope\" itemtype=\"https:\/\/schema.org\/CreativeWork\" ><div class='avia_textblock av_inherit_color'  itemprop=\"text\" ><p>U K<\/p>\n<\/div><\/section>\n\n<style type=\"text\/css\" data-created_by=\"avia_inline_auto\" id=\"style-css-av-mbaynt3t-97e1c45187792f788eb4bdcbd7eeed88\">\n#top .av-special-heading.av-mbaynt3t-97e1c45187792f788eb4bdcbd7eeed88{\nmargin:20px 0 0 0;\ncolor:#ffffff;\n}\nbody .av-special-heading.av-mbaynt3t-97e1c45187792f788eb4bdcbd7eeed88 .av-special-heading-tag .heading-char{\nfont-size:25px;\n}\n.av-special-heading.av-mbaynt3t-97e1c45187792f788eb4bdcbd7eeed88 .special-heading-inner-border{\nborder-color:#ffffff;\n}\n.av-special-heading.av-mbaynt3t-97e1c45187792f788eb4bdcbd7eeed88 .av-subheading{\nfont-size:15px;\n}\n<\/style>\n<div  class='av-special-heading av-mbaynt3t-97e1c45187792f788eb4bdcbd7eeed88 av-special-heading-h1 custom-color-heading blockquote modern-quote  avia-builder-el-2  el_after_av_textblock  avia-builder-el-last '><h1 class='av-special-heading-tag '  itemprop=\"headline\"  >Mariann Freed<\/h1><div class='av_custom_color av-subheading av-subheading_below'><p>P R O F E S S E U R E \/ P R A T I C I E N<\/p>\n<\/div><div class=\"special-heading-border\"><div class=\"special-heading-inner-border\"><\/div><\/div><\/div>\n<\/div><\/div><\/main><!-- close content main element --><\/div><\/div><div id='after_section_1'  class='main_color av_default_container_wrap container_wrap fullsize'  ><div class='container av-section-cont-open' ><div class='template-page content  av-content-full alpha units'><div class='post-entry post-entry-type-page post-entry-1669'><div class='entry-content-wrapper clearfix'><div  class='flex_column av-30jcli-faaa40500b2a10ee22b9001aae8859d1 av_one_half  avia-builder-el-3  el_after_av_section  el_before_av_section  avia-builder-el-no-sibling  first flex_column_div  '     ><style type=\"text\/css\" data-created_by=\"avia_inline_auto\" id=\"style-css-av-m9zyximb-4aee5e3f9fbff4e2e806758c5280eb6c\">\n.avia-image-container.av-m9zyximb-4aee5e3f9fbff4e2e806758c5280eb6c img.avia_image{\nbox-shadow:none;\n}\n.avia-image-container.av-m9zyximb-4aee5e3f9fbff4e2e806758c5280eb6c .av-image-caption-overlay-center{\ncolor:#ffffff;\n}\n<\/style>\n<div  class='avia-image-container av-m9zyximb-4aee5e3f9fbff4e2e806758c5280eb6c av-styling- avia-align-center  avia-builder-el-4  avia-builder-el-no-sibling '   itemprop=\"image\" itemscope=\"itemscope\" itemtype=\"https:\/\/schema.org\/ImageObject\" ><div class=\"avia-image-container-inner\"><div class=\"avia-image-overlay-wrap\"><img decoding=\"async\" fetchpriority=\"high\" class='wp-image-1681 avia-img-lazy-loading-not-1681 avia_image ' src=\"https:\/\/www.cranioreflex.com\/wp-content\/uploads\/2025\/04\/MariannFreed_2.jpg\" alt='' title='MariannFreed_2'  height=\"397\" width=\"518\"  itemprop=\"thumbnailUrl\" srcset=\"https:\/\/www.cranioreflex.com\/wp-content\/uploads\/2025\/04\/MariannFreed_2.jpg 518w, https:\/\/www.cranioreflex.com\/wp-content\/uploads\/2025\/04\/MariannFreed_2-300x230.jpg 300w\" sizes=\"(max-width: 518px) 100vw, 518px\" \/><\/div><\/div><\/div><\/div><\/p>\n<\/div><\/div><\/div><!-- close content main div --><\/div><\/div><div id='av_section_2'  class='avia-section av-1mq8m8-bc3c367325031d994234f54a350f9e7c main_color avia-section-small avia-no-border-styling  avia-builder-el-5  el_after_av_one_half  avia-builder-el-last  avia-bg-style-scroll container_wrap fullsize'  ><div class='container av-section-cont-open' ><div class='template-page content  av-content-full alpha units'><div class='post-entry post-entry-type-page post-entry-1669'><div class='entry-content-wrapper clearfix'>\n\n<style type=\"text\/css\" data-created_by=\"avia_inline_auto\" id=\"style-css-av-1en0tk-4ed4755e4e2548e66eaa8ec9b6f0c0a8\">\n.flex_column.av-1en0tk-4ed4755e4e2548e66eaa8ec9b6f0c0a8{\nborder-radius:0px 0px 0px 0px;\npadding:0px 0px 0px 0px;\n}\n<\/style>\n<div  class='flex_column av-1en0tk-4ed4755e4e2548e66eaa8ec9b6f0c0a8 av_three_fourth  avia-builder-el-6  el_before_av_one_fourth  avia-builder-el-first  first flex_column_div av-animated-generic bottom-to-top av-zero-column-padding  '     ><p>\n<style type=\"text\/css\" data-created_by=\"avia_inline_auto\" id=\"style-css-av-1a7u40-9659c2f10124d58af47fae616ffe118b\">\n#top .av-special-heading.av-1a7u40-9659c2f10124d58af47fae616ffe118b{\npadding-bottom:20px;\nfont-size:34px;\n}\nbody .av-special-heading.av-1a7u40-9659c2f10124d58af47fae616ffe118b .av-special-heading-tag .heading-char{\nfont-size:25px;\n}\n#top #wrap_all .av-special-heading.av-1a7u40-9659c2f10124d58af47fae616ffe118b .av-special-heading-tag{\nfont-size:34px;\n}\n.av-special-heading.av-1a7u40-9659c2f10124d58af47fae616ffe118b .av-subheading{\nfont-size:15px;\n}\n\n@media only screen and (min-width: 480px) and (max-width: 767px){ \n#top #wrap_all .av-special-heading.av-1a7u40-9659c2f10124d58af47fae616ffe118b .av-special-heading-tag{\nfont-size:0.8em;\n}\n}\n\n@media only screen and (max-width: 479px){ \n#top #wrap_all .av-special-heading.av-1a7u40-9659c2f10124d58af47fae616ffe118b .av-special-heading-tag{\nfont-size:0.8em;\n}\n}\n<\/style>\n<div  class='av-special-heading av-1a7u40-9659c2f10124d58af47fae616ffe118b av-special-heading-h3 blockquote modern-quote  avia-builder-el-7  el_before_av_textblock  avia-builder-el-first  av-inherit-size'><h3 class='av-special-heading-tag '  itemprop=\"headline\"  >A propos de Mariann<\/h3><div class=\"special-heading-border\"><div class=\"special-heading-inner-border\"><\/div><\/div><\/div><br \/>\n<section  class='av_textblock_section av-10tj3k-e09842d0a21c00b8d6b9a03e8ed33e9f '   itemscope=\"itemscope\" itemtype=\"https:\/\/schema.org\/CreativeWork\" ><div class='avia_textblock'  itemprop=\"text\" ><p>Apr\u00e8s avoir obtenue une licence en musique et arts de spectacle et apr\u00e8s avoir travaill\u00e9 dans le service mondial de la British Broadcasting Corporation (BBC) pendant 12 ans, je me suis lanc\u00e9e dans le monde des th\u00e9rapies holistiques, devenant aromath\u00e9rapeute qualifi\u00e9e, autoris\u00e9e par la London School of Aromatherapy.<\/p>\n<p>En 1999, je devenais praticienne plein-temps en aromath\u00e9rapie et en 2000 je me suis qualifi\u00e9e comme r\u00e9flexologue aupr\u00e8s de l\u2019\u00e9cole de Anne Gillanders, la British School of R\u00e9flexologie. J\u2019ai eu la grande chance de rencontrer le Dr. Martine Faure-Alderson en 2001 et je suis devenue son \u00e9tudiante l\u2019ann\u00e9e apr\u00e8s. Je n\u2019ai jamais cess\u00e9 d\u2019apprendre d\u2019elle, en devenant progressivement l\u2019une de ses assistants, en travaillant \u00e9troitement avec elle dans sa clinique \u00e0 Londres et voyageant avec elle \u00e0 l\u2019\u00e9tranger lorsqu\u2019elle enseignait.<\/p>\n<p>Je suis Professeur autoris\u00e9e de la R\u00e9flexologie Cr\u00e2nioSacr\u00e9e depuis 2010. Je suis aussi membre de l\u2019Association of Reflexologists (AoR), the Metamorphic Association et le Syst\u00e8me ROSSITER, et actuellement Directeur de l\u2019Acad\u00e9mie d\u2019Excellence CSRI.<\/p>\n<\/div><\/section><\/p><\/div>\n<style type=\"text\/css\" data-created_by=\"avia_inline_auto\" id=\"style-css-av-2lsnnq-6bcdf79225f57bd17d8d0d45d97d6635\">\n.flex_column.av-2lsnnq-6bcdf79225f57bd17d8d0d45d97d6635{\nborder-radius:0px 0px 0px 0px;\npadding:0px 0px 0px 0px;\n}\n<\/style>\n<div  class='flex_column av-2lsnnq-6bcdf79225f57bd17d8d0d45d97d6635 av_one_fourth  avia-builder-el-9  el_after_av_three_fourth  avia-builder-el-last  flex_column_div av-animated-generic bottom-to-top av-zero-column-padding  '     ><section  class='av_textblock_section av-m9zxwg3r-ec91a3d1154c3402a83404140c148577 '   itemscope=\"itemscope\" itemtype=\"https:\/\/schema.org\/CreativeWork\" ><div class='avia_textblock'  itemprop=\"text\" ><p><strong>Situ\u00e9e<\/strong>: Hampton, Middlesex, Royaume-Uni<\/p>\n<p><strong>Th\u00e9rapies compl\u00e9mentaires<\/strong>:<br \/>\n&#8211; Aromath\u00e9rapie<br \/>\n&#8211; Massage<br \/>\n&#8211; Re\u00efki<br \/>\n&#8211; Syst\u00e8me Rossiter<br \/>\n&#8211; Aromatiques animales<\/p>\n<p><strong>Qualifications<\/strong>:<br \/>\n&#8211; Enseignant en r\u00e9flexologie cr\u00e2nio-sacr\u00e9e (CSRI Academy of Excellence)<br \/>\n&#8211; Aromath\u00e9rapeute (London School of Aromatherapy)<br \/>\n&#8211; Praticien Technique M\u00e9tamorphique (Association M\u00e9tamorphique)<\/p>\n<\/div><\/section><\/div>\n","protected":false},"excerpt":{"rendered":"","protected":false},"author":1,"featured_media":1681,"parent":1667,"menu_order":0,"comment_status":"closed","ping_status":"closed","template":"","meta":{"footnotes":""},"class_list":["post-1669","page","type-page","status-publish","has-post-thumbnail","hentry"],"_links":{"self":[{"href":"https:\/\/www.cranioreflex.com\/fr\/wp-json\/wp\/v2\/pages\/1669","targetHints":{"allow":["GET"]}}],"collection":[{"href":"https:\/\/www.cranioreflex.com\/fr\/wp-json\/wp\/v2\/pages"}],"about":[{"href":"https:\/\/www.cranioreflex.com\/fr\/wp-json\/wp\/v2\/types\/page"}],"author":[{"embeddable":true,"href":"https:\/\/www.cranioreflex.com\/fr\/wp-json\/wp\/v2\/users\/1"}],"replies":[{"embeddable":true,"href":"https:\/\/www.cranioreflex.com\/fr\/wp-json\/wp\/v2\/comments?post=1669"}],"version-history":[{"count":3,"href":"https:\/\/www.cranioreflex.com\/fr\/wp-json\/wp\/v2\/pages\/1669\/revisions"}],"predecessor-version":[{"id":1704,"href":"https:\/\/www.cranioreflex.com\/fr\/wp-json\/wp\/v2\/pages\/1669\/revisions\/1704"}],"up":[{"embeddable":true,"href":"https:\/\/www.cranioreflex.com\/fr\/wp-json\/wp\/v2\/pages\/1667"}],"wp:featuredmedia":[{"embeddable":true,"href":"https:\/\/www.cranioreflex.com\/fr\/wp-json\/wp\/v2\/media\/1681"}],"wp:attachment":[{"href":"https:\/\/www.cranioreflex.com\/fr\/wp-json\/wp\/v2\/media?parent=1669"}],"curies":[{"name":"wp","href":"https:\/\/api.w.org\/{rel}","templated":true}]}}