{"id":1668,"date":"2025-04-27T20:17:17","date_gmt":"2025-04-27T18:17:17","guid":{"rendered":"http:\/\/csri.korpak.hu\/?page_id=1668"},"modified":"2025-06-09T15:29:56","modified_gmt":"2025-06-09T13:29:56","slug":"clare-ballerini","status":"publish","type":"page","link":"https:\/\/www.cranioreflex.com\/fr\/membres-2\/enseignants-en-rse\/clare-ballerini\/","title":{"rendered":"Clare Ballerini"},"content":{"rendered":"<div id='av_section_1'  class='avia-section av-93iuw-026c44784f4f37d29a9362f0566fb7c4 footer_color avia-section-default avia-no-border-styling  avia-builder-el-0  el_before_av_one_half  avia-builder-el-first  avia-bg-style-scroll container_wrap fullsize'  ><div class='container av-section-cont-open' ><main  role=\"main\" itemprop=\"mainContentOfPage\"  class='template-page content  av-content-full alpha units'><div class='post-entry post-entry-type-page post-entry-1668'><div class='entry-content-wrapper clearfix'>\n\n<style type=\"text\/css\" data-created_by=\"avia_inline_auto\" id=\"style-css-av-mbayhuyv-0c458d84311719f660e2ec4bbb2d9de9\">\n#top .av_textblock_section.av-mbayhuyv-0c458d84311719f660e2ec4bbb2d9de9 .avia_textblock{\ncolor:#ffffff;\n}\n<\/style>\n<section  class='av_textblock_section av-mbayhuyv-0c458d84311719f660e2ec4bbb2d9de9 '   itemscope=\"itemscope\" itemtype=\"https:\/\/schema.org\/CreativeWork\" ><div class='avia_textblock av_inherit_color'  itemprop=\"text\" ><p>L U X E M B O U R G<\/p>\n<\/div><\/section>\n\n<style type=\"text\/css\" data-created_by=\"avia_inline_auto\" id=\"style-css-av-m7rwm43j-3e3cc8e7d7b526e968cc48e143d15f4e\">\n#top .av-special-heading.av-m7rwm43j-3e3cc8e7d7b526e968cc48e143d15f4e{\nmargin:20px 0 0 0;\ncolor:#ffffff;\n}\nbody .av-special-heading.av-m7rwm43j-3e3cc8e7d7b526e968cc48e143d15f4e .av-special-heading-tag .heading-char{\nfont-size:25px;\n}\n.av-special-heading.av-m7rwm43j-3e3cc8e7d7b526e968cc48e143d15f4e .special-heading-inner-border{\nborder-color:#ffffff;\n}\n.av-special-heading.av-m7rwm43j-3e3cc8e7d7b526e968cc48e143d15f4e .av-subheading{\nfont-size:15px;\n}\n<\/style>\n<div  class='av-special-heading av-m7rwm43j-3e3cc8e7d7b526e968cc48e143d15f4e av-special-heading-h1 custom-color-heading blockquote modern-quote  avia-builder-el-2  el_after_av_textblock  avia-builder-el-last '><h1 class='av-special-heading-tag '  itemprop=\"headline\"  >Clare Ballerini<\/h1><div class='av_custom_color av-subheading av-subheading_below'><p>P R O F E S S E U R E \/ P R A T I C I E N<\/p>\n<\/div><div class=\"special-heading-border\"><div class=\"special-heading-inner-border\"><\/div><\/div><\/div>\n<\/div><\/div><\/main><!-- close content main element --><\/div><\/div><div id='after_section_1'  class='main_color av_default_container_wrap container_wrap fullsize'  ><div class='container av-section-cont-open' ><div class='template-page content  av-content-full alpha units'><div class='post-entry post-entry-type-page post-entry-1668'><div class='entry-content-wrapper clearfix'><div  class='flex_column av-29kuc6-a2116a982aff7fd94d9c9f184fb57eea av_one_half  avia-builder-el-3  el_after_av_section  el_before_av_section  avia-builder-el-no-sibling  first flex_column_div  '     ><style type=\"text\/css\" data-created_by=\"avia_inline_auto\" id=\"style-css-av-m9zz0zg9-f2c9116252323e60db0510694ea68c41\">\n.avia-image-container.av-m9zz0zg9-f2c9116252323e60db0510694ea68c41 img.avia_image{\nbox-shadow:none;\n}\n.avia-image-container.av-m9zz0zg9-f2c9116252323e60db0510694ea68c41 .av-image-caption-overlay-center{\ncolor:#ffffff;\n}\n<\/style>\n<div  class='avia-image-container av-m9zz0zg9-f2c9116252323e60db0510694ea68c41 av-styling- avia-align-center  avia-builder-el-4  avia-builder-el-no-sibling '   itemprop=\"image\" itemscope=\"itemscope\" itemtype=\"https:\/\/schema.org\/ImageObject\" ><div class=\"avia-image-container-inner\"><div class=\"avia-image-overlay-wrap\"><img decoding=\"async\" fetchpriority=\"high\" class='wp-image-1671 avia-img-lazy-loading-not-1671 avia_image ' src=\"https:\/\/www.cranioreflex.com\/wp-content\/uploads\/2025\/04\/ClareBallerini_2.jpg\" alt='' title='ClareBallerini_2'  height=\"402\" width=\"521\"  itemprop=\"thumbnailUrl\" srcset=\"https:\/\/www.cranioreflex.com\/wp-content\/uploads\/2025\/04\/ClareBallerini_2.jpg 521w, https:\/\/www.cranioreflex.com\/wp-content\/uploads\/2025\/04\/ClareBallerini_2-300x231.jpg 300w\" sizes=\"(max-width: 521px) 100vw, 521px\" \/><\/div><\/div><\/div><\/div><\/p>\n<\/div><\/div><\/div><!-- close content main div --><\/div><\/div><div id='av_section_2'  class='avia-section av-1mq8m8-bc3c367325031d994234f54a350f9e7c main_color avia-section-small avia-no-border-styling  avia-builder-el-5  el_after_av_one_half  avia-builder-el-last  avia-bg-style-scroll container_wrap fullsize'  ><div class='container av-section-cont-open' ><div class='template-page content  av-content-full alpha units'><div class='post-entry post-entry-type-page post-entry-1668'><div class='entry-content-wrapper clearfix'>\n\n<style type=\"text\/css\" data-created_by=\"avia_inline_auto\" id=\"style-css-av-1en0tk-4ed4755e4e2548e66eaa8ec9b6f0c0a8\">\n.flex_column.av-1en0tk-4ed4755e4e2548e66eaa8ec9b6f0c0a8{\nborder-radius:0px 0px 0px 0px;\npadding:0px 0px 0px 0px;\n}\n<\/style>\n<div  class='flex_column av-1en0tk-4ed4755e4e2548e66eaa8ec9b6f0c0a8 av_three_fourth  avia-builder-el-6  el_before_av_one_fourth  avia-builder-el-first  first flex_column_div av-animated-generic bottom-to-top av-zero-column-padding  '     ><p>\n<style type=\"text\/css\" data-created_by=\"avia_inline_auto\" id=\"style-css-av-1a7u40-265e5399de8efd7e0a89fe65745c0592\">\n#top .av-special-heading.av-1a7u40-265e5399de8efd7e0a89fe65745c0592{\npadding-bottom:20px;\nfont-size:34px;\n}\nbody .av-special-heading.av-1a7u40-265e5399de8efd7e0a89fe65745c0592 .av-special-heading-tag .heading-char{\nfont-size:25px;\n}\n#top #wrap_all .av-special-heading.av-1a7u40-265e5399de8efd7e0a89fe65745c0592 .av-special-heading-tag{\nfont-size:34px;\n}\n.av-special-heading.av-1a7u40-265e5399de8efd7e0a89fe65745c0592 .av-subheading{\nfont-size:15px;\n}\n\n@media only screen and (min-width: 480px) and (max-width: 767px){ \n#top #wrap_all .av-special-heading.av-1a7u40-265e5399de8efd7e0a89fe65745c0592 .av-special-heading-tag{\nfont-size:0.8em;\n}\n}\n\n@media only screen and (max-width: 479px){ \n#top #wrap_all .av-special-heading.av-1a7u40-265e5399de8efd7e0a89fe65745c0592 .av-special-heading-tag{\nfont-size:0.8em;\n}\n}\n<\/style>\n<div  class='av-special-heading av-1a7u40-265e5399de8efd7e0a89fe65745c0592 av-special-heading-h3 blockquote modern-quote  avia-builder-el-7  el_before_av_textblock  avia-builder-el-first  av-inherit-size'><h3 class='av-special-heading-tag '  itemprop=\"headline\"  >A propos de Clare <\/h3><div class=\"special-heading-border\"><div class=\"special-heading-inner-border\"><\/div><\/div><\/div><br \/>\n<section  class='av_textblock_section av-10tj3k-e09842d0a21c00b8d6b9a03e8ed33e9f '   itemscope=\"itemscope\" itemtype=\"https:\/\/schema.org\/CreativeWork\" ><div class='avia_textblock'  itemprop=\"text\" ><p>Qualifi\u00e9e en r\u00e9flexologie en 2005, J\u2019ai commenc\u00e9 mes \u00e9tudes avec le Dr Faure Alderson en 2007. Qualifi\u00e9e comme professeur de CSRI en 2017. J\u2019ai eu l\u2019honneur d\u2019organiser et assister le Dr Faure Alderson \u00e0 plusieurs de ses derniers cours de formation \u00e0 Echternach, un endroit pittoresque que Martine appr\u00e9ciait \u00e9norm\u00e9ment. Je travaille au Luxembourg et adore aussi travailler au Togo dans une clinique dans la brousse. Mes cours de formation sont disponibles en fran\u00e7ais et en anglais.<\/p>\n<\/div><\/section><\/p><\/div>\n<style type=\"text\/css\" data-created_by=\"avia_inline_auto\" id=\"style-css-av-2lsnnq-6bcdf79225f57bd17d8d0d45d97d6635\">\n.flex_column.av-2lsnnq-6bcdf79225f57bd17d8d0d45d97d6635{\nborder-radius:0px 0px 0px 0px;\npadding:0px 0px 0px 0px;\n}\n<\/style>\n<div  class='flex_column av-2lsnnq-6bcdf79225f57bd17d8d0d45d97d6635 av_one_fourth  avia-builder-el-9  el_after_av_three_fourth  avia-builder-el-last  flex_column_div av-animated-generic bottom-to-top av-zero-column-padding  '     ><section  class='av_textblock_section av-m9zxwg3r-ec91a3d1154c3402a83404140c148577 '   itemscope=\"itemscope\" itemtype=\"https:\/\/schema.org\/CreativeWork\" ><div class='avia_textblock'  itemprop=\"text\" ><p><strong>Situ\u00e9e<\/strong>: Schoenfels, Luxembourg<\/p>\n<p><strong>Qualifications<\/strong>:<br \/>\n&#8211; R\u00e9flexologie IIR 2005<br \/>\n&#8211; R\u00e9flexologie ART 2007\/8<br \/>\n&#8211; Praticienne CSR 2007<br \/>\n&#8211; Enseignant dipl\u00f4m\u00e9 d\u2019ART<br \/>\n&#8211; Enseignant de CSR 2016\/17<\/p>\n<\/div><\/section><\/div>\n","protected":false},"excerpt":{"rendered":"","protected":false},"author":1,"featured_media":1671,"parent":1667,"menu_order":0,"comment_status":"closed","ping_status":"closed","template":"","meta":{"footnotes":""},"class_list":["post-1668","page","type-page","status-publish","has-post-thumbnail","hentry"],"_links":{"self":[{"href":"https:\/\/www.cranioreflex.com\/fr\/wp-json\/wp\/v2\/pages\/1668","targetHints":{"allow":["GET"]}}],"collection":[{"href":"https:\/\/www.cranioreflex.com\/fr\/wp-json\/wp\/v2\/pages"}],"about":[{"href":"https:\/\/www.cranioreflex.com\/fr\/wp-json\/wp\/v2\/types\/page"}],"author":[{"embeddable":true,"href":"https:\/\/www.cranioreflex.com\/fr\/wp-json\/wp\/v2\/users\/1"}],"replies":[{"embeddable":true,"href":"https:\/\/www.cranioreflex.com\/fr\/wp-json\/wp\/v2\/comments?post=1668"}],"version-history":[{"count":3,"href":"https:\/\/www.cranioreflex.com\/fr\/wp-json\/wp\/v2\/pages\/1668\/revisions"}],"predecessor-version":[{"id":1707,"href":"https:\/\/www.cranioreflex.com\/fr\/wp-json\/wp\/v2\/pages\/1668\/revisions\/1707"}],"up":[{"embeddable":true,"href":"https:\/\/www.cranioreflex.com\/fr\/wp-json\/wp\/v2\/pages\/1667"}],"wp:featuredmedia":[{"embeddable":true,"href":"https:\/\/www.cranioreflex.com\/fr\/wp-json\/wp\/v2\/media\/1671"}],"wp:attachment":[{"href":"https:\/\/www.cranioreflex.com\/fr\/wp-json\/wp\/v2\/media?parent=1668"}],"curies":[{"name":"wp","href":"https:\/\/api.w.org\/{rel}","templated":true}]}}