{"id":1666,"date":"2025-04-27T19:45:30","date_gmt":"2025-04-27T17:45:30","guid":{"rendered":"http:\/\/csri.korpak.hu\/?page_id=1666"},"modified":"2025-06-09T15:29:08","modified_gmt":"2025-06-09T13:29:08","slug":"ann-khattab","status":"publish","type":"page","link":"https:\/\/www.cranioreflex.com\/fr\/membres-2\/enseignants-en-rse\/ann-khattab\/","title":{"rendered":"Ann Khattab"},"content":{"rendered":"<div id='av_section_1'  class='avia-section av-av_section-5e430b4aa6adbe6459311de06b472db6 footer_color avia-section-default avia-no-border-styling  avia-builder-el-0  el_before_av_one_half  avia-builder-el-first  avia-bg-style-scroll container_wrap fullsize'  ><div class='container av-section-cont-open' ><main  role=\"main\" itemprop=\"mainContentOfPage\"  class='template-page content  av-content-full alpha units'><div class='post-entry post-entry-type-page post-entry-1666'><div class='entry-content-wrapper clearfix'>\n\n<style type=\"text\/css\" data-created_by=\"avia_inline_auto\" id=\"style-css-av-mbayn2me-406b499ad79ab07e29d4da10c58ed18e\">\n#top .av_textblock_section.av-mbayn2me-406b499ad79ab07e29d4da10c58ed18e .avia_textblock{\ncolor:#ffffff;\n}\n<\/style>\n<section  class='av_textblock_section av-mbayn2me-406b499ad79ab07e29d4da10c58ed18e '   itemscope=\"itemscope\" itemtype=\"https:\/\/schema.org\/CreativeWork\" ><div class='avia_textblock av_inherit_color'  itemprop=\"text\" ><p>U K<\/p>\n<\/div><\/section>\n\n<style type=\"text\/css\" data-created_by=\"avia_inline_auto\" id=\"style-css-av-mbaymvag-47f84b48eee42eb2076ee303ac4ce7e6\">\n#top .av-special-heading.av-mbaymvag-47f84b48eee42eb2076ee303ac4ce7e6{\nmargin:20px 0 0 0;\ncolor:#ffffff;\n}\nbody .av-special-heading.av-mbaymvag-47f84b48eee42eb2076ee303ac4ce7e6 .av-special-heading-tag .heading-char{\nfont-size:25px;\n}\n.av-special-heading.av-mbaymvag-47f84b48eee42eb2076ee303ac4ce7e6 .special-heading-inner-border{\nborder-color:#ffffff;\n}\n.av-special-heading.av-mbaymvag-47f84b48eee42eb2076ee303ac4ce7e6 .av-subheading{\nfont-size:15px;\n}\n<\/style>\n<div  class='av-special-heading av-mbaymvag-47f84b48eee42eb2076ee303ac4ce7e6 av-special-heading-h1 custom-color-heading blockquote modern-quote  avia-builder-el-2  el_after_av_textblock  avia-builder-el-last '><h1 class='av-special-heading-tag '  itemprop=\"headline\"  >Ann Khattab<\/h1><div class='av_custom_color av-subheading av-subheading_below'><p>P R O F E S S E U R E \/ P R A T I C I E N<\/p>\n<\/div><div class=\"special-heading-border\"><div class=\"special-heading-inner-border\"><\/div><\/div><\/div>\n<\/div><\/div><\/main><!-- close content main element --><\/div><\/div><div id='after_section_1'  class='main_color av_default_container_wrap container_wrap fullsize'  ><div class='container av-section-cont-open' ><div class='template-page content  av-content-full alpha units'><div class='post-entry post-entry-type-page post-entry-1666'><div class='entry-content-wrapper clearfix'>\n<div  class='flex_column av-30jcli-faaa40500b2a10ee22b9001aae8859d1 av_one_half  avia-builder-el-3  el_after_av_section  el_before_av_section  avia-builder-el-no-sibling  first flex_column_div  '     ><style type=\"text\/css\" data-created_by=\"avia_inline_auto\" id=\"style-css-av-m9zyximb-97bd544b0351f4f1a0f25fd7c169cdb3\">\n.avia-image-container.av-m9zyximb-97bd544b0351f4f1a0f25fd7c169cdb3 img.avia_image{\nbox-shadow:none;\n}\n.avia-image-container.av-m9zyximb-97bd544b0351f4f1a0f25fd7c169cdb3 .av-image-caption-overlay-center{\ncolor:#ffffff;\n}\n<\/style>\n<div  class='avia-image-container av-m9zyximb-97bd544b0351f4f1a0f25fd7c169cdb3 av-styling- avia-align-center  avia-builder-el-4  avia-builder-el-no-sibling '   itemprop=\"image\" itemscope=\"itemscope\" itemtype=\"https:\/\/schema.org\/ImageObject\" ><div class=\"avia-image-container-inner\"><div class=\"avia-image-overlay-wrap\"><img decoding=\"async\" fetchpriority=\"high\" class='wp-image-1672 avia-img-lazy-loading-not-1672 avia_image ' src=\"https:\/\/www.cranioreflex.com\/wp-content\/uploads\/2025\/04\/AnnKhattab_2.jpg\" alt='' title='AnnKhattab_2'  height=\"401\" width=\"522\"  itemprop=\"thumbnailUrl\" srcset=\"https:\/\/www.cranioreflex.com\/wp-content\/uploads\/2025\/04\/AnnKhattab_2.jpg 522w, https:\/\/www.cranioreflex.com\/wp-content\/uploads\/2025\/04\/AnnKhattab_2-300x230.jpg 300w\" sizes=\"(max-width: 522px) 100vw, 522px\" \/><\/div><\/div><\/div><\/div>\n<\/div><\/div><\/div><!-- close content main div --><\/div><\/div><div id='av_section_2'  class='avia-section av-1mq8m8-bc3c367325031d994234f54a350f9e7c main_color avia-section-small avia-no-border-styling  avia-builder-el-5  el_after_av_one_half  avia-builder-el-last  avia-bg-style-scroll container_wrap fullsize'  ><div class='container av-section-cont-open' ><div class='template-page content  av-content-full alpha units'><div class='post-entry post-entry-type-page post-entry-1666'><div class='entry-content-wrapper clearfix'>\n\n<style type=\"text\/css\" data-created_by=\"avia_inline_auto\" id=\"style-css-av-1en0tk-4ed4755e4e2548e66eaa8ec9b6f0c0a8\">\n.flex_column.av-1en0tk-4ed4755e4e2548e66eaa8ec9b6f0c0a8{\nborder-radius:0px 0px 0px 0px;\npadding:0px 0px 0px 0px;\n}\n<\/style>\n<div  class='flex_column av-1en0tk-4ed4755e4e2548e66eaa8ec9b6f0c0a8 av_three_fourth  avia-builder-el-6  el_before_av_one_fourth  avia-builder-el-first  first flex_column_div av-animated-generic bottom-to-top av-zero-column-padding  '     ><p>\n<style type=\"text\/css\" data-created_by=\"avia_inline_auto\" id=\"style-css-av-1a7u40-4c45f009017805138592310c302445ce\">\n#top .av-special-heading.av-1a7u40-4c45f009017805138592310c302445ce{\npadding-bottom:20px;\nfont-size:34px;\n}\nbody .av-special-heading.av-1a7u40-4c45f009017805138592310c302445ce .av-special-heading-tag .heading-char{\nfont-size:25px;\n}\n#top #wrap_all .av-special-heading.av-1a7u40-4c45f009017805138592310c302445ce .av-special-heading-tag{\nfont-size:34px;\n}\n.av-special-heading.av-1a7u40-4c45f009017805138592310c302445ce .av-subheading{\nfont-size:15px;\n}\n\n@media only screen and (min-width: 480px) and (max-width: 767px){ \n#top #wrap_all .av-special-heading.av-1a7u40-4c45f009017805138592310c302445ce .av-special-heading-tag{\nfont-size:0.8em;\n}\n}\n\n@media only screen and (max-width: 479px){ \n#top #wrap_all .av-special-heading.av-1a7u40-4c45f009017805138592310c302445ce .av-special-heading-tag{\nfont-size:0.8em;\n}\n}\n<\/style>\n<div  class='av-special-heading av-1a7u40-4c45f009017805138592310c302445ce av-special-heading-h3 blockquote modern-quote  avia-builder-el-7  el_before_av_textblock  avia-builder-el-first  av-inherit-size'><h3 class='av-special-heading-tag '  itemprop=\"headline\"  >A propos de Ann<\/h3><div class=\"special-heading-border\"><div class=\"special-heading-inner-border\"><\/div><\/div><\/div><br \/>\n<section  class='av_textblock_section av-10tj3k-e09842d0a21c00b8d6b9a03e8ed33e9f '   itemscope=\"itemscope\" itemtype=\"https:\/\/schema.org\/CreativeWork\" ><div class='avia_textblock'  itemprop=\"text\" ><p>Apr\u00e8s mes \u00e9tudes de base, j\u2019ai obtenue une qualification en infirmi\u00e8re auxiliaire (Holstebro, Danemark &#8211; 1984). Apr\u00e8s avoir d\u00e9couvert la r\u00e9flexologie je voulais en savoir plus! J\u2019ai \u00e9tudi\u00e9 le dipl\u00f4me ABC en r\u00e9flexologie (niveau 3) du Central London College of Reflexology (CLCR &#8211; 2006) et suis devenue une membre de l\u2019Association de Reflexologists (AoR) la m\u00eame ann\u00e9e.<\/p>\n<p>Poursuivant mes \u00e9tudes en th\u00e9rapies \u2018compl\u00e9mentaires\u2019, j\u2019ai re\u00e7u un Dipl\u00f4me en Swedish Massage de Essentials for Health (2009) et je me suis sp\u00e9cialis\u00e9e en massage des tissus profonds (deep tissue massage).<\/p>\n<p>Un jour je suis tomb\u00e9e sur une brochure de Dr Martine Faure-Alderson qui m\u2019a inspir\u00e9e de la rencontrer au plus vite. J\u2019ai d\u00e9but\u00e9 mes \u00e9tudes avec elle en R\u00e9flexologie cr\u00e2nio-sacr\u00e9e en 2006 et me suis qualifi\u00e9e comme r\u00e9flexologie cr\u00e2nio-sacr\u00e9e aupr\u00e8s de l\u2019Acad\u00e9mie d\u2019Excellence en 2013.<\/p>\n<p>Apr\u00e8s 12 ann\u00e9es de pratique de cette m\u00e9thode, le Dr Faure Alderson m\u2019a invit\u00e9e de faire la formation de professeur en 2018. J\u2019ai ensuite obtenue la dipl\u00f4me pour enseigner la premi\u00e8re ann\u00e9e de R\u00e9flexologie Cr\u00e2nio-Sacr\u00e9e.<\/p>\n<p>Actuellement je suis en lien avec des organisations telles que le Maya Centre et Housing4Women. Ma passion est d\u2019aider les personnes souffrant de traumatismes li\u00e9s au genre.<\/p>\n<\/div><\/section><\/p><\/div>\n<style type=\"text\/css\" data-created_by=\"avia_inline_auto\" id=\"style-css-av-2lsnnq-6bcdf79225f57bd17d8d0d45d97d6635\">\n.flex_column.av-2lsnnq-6bcdf79225f57bd17d8d0d45d97d6635{\nborder-radius:0px 0px 0px 0px;\npadding:0px 0px 0px 0px;\n}\n<\/style>\n<div  class='flex_column av-2lsnnq-6bcdf79225f57bd17d8d0d45d97d6635 av_one_fourth  avia-builder-el-9  el_after_av_three_fourth  avia-builder-el-last  flex_column_div av-animated-generic bottom-to-top av-zero-column-padding  '     ><section  class='av_textblock_section av-m9zxwg3r-ec91a3d1154c3402a83404140c148577 '   itemscope=\"itemscope\" itemtype=\"https:\/\/schema.org\/CreativeWork\" ><div class='avia_textblock'  itemprop=\"text\" ><p><strong>Situ\u00e9e<\/strong>:<br \/>\nRoyaume-Uni<\/p>\n<p><strong>Th\u00e9rapies compl\u00e9mentaires<\/strong>:<br \/>\n&#8211; Massage<\/p>\n<p><strong>Qualifications<\/strong>:<br \/>\n&#8211; Infirmi\u00e8re auxiliaire (H\u00f4pital Holstebro, Danemark)<br \/>\n&#8211; R\u00e9flexologue (Central College of Reflexology, Londres)<br \/>\n&#8211; Massage su\u00e9dois (Essentials for Health, Londres)<br \/>\n&#8211; R\u00e9flexologie cr\u00e2niosacr\u00e9e (CSRI Academy of Excellence)<br \/>\n&#8211; Enseignante R\u00e9flexologie Cr\u00e2nio-Sacr\u00e9e Cours 1 \u00e8re Ann\u00e9e Pr\u00e9paratoire (CSRI Academy of Excellence)<\/p>\n<\/div><\/section><\/div>\n","protected":false},"excerpt":{"rendered":"","protected":false},"author":1,"featured_media":1672,"parent":1667,"menu_order":0,"comment_status":"closed","ping_status":"closed","template":"","meta":{"footnotes":""},"class_list":["post-1666","page","type-page","status-publish","has-post-thumbnail","hentry"],"_links":{"self":[{"href":"https:\/\/www.cranioreflex.com\/fr\/wp-json\/wp\/v2\/pages\/1666","targetHints":{"allow":["GET"]}}],"collection":[{"href":"https:\/\/www.cranioreflex.com\/fr\/wp-json\/wp\/v2\/pages"}],"about":[{"href":"https:\/\/www.cranioreflex.com\/fr\/wp-json\/wp\/v2\/types\/page"}],"author":[{"embeddable":true,"href":"https:\/\/www.cranioreflex.com\/fr\/wp-json\/wp\/v2\/users\/1"}],"replies":[{"embeddable":true,"href":"https:\/\/www.cranioreflex.com\/fr\/wp-json\/wp\/v2\/comments?post=1666"}],"version-history":[{"count":4,"href":"https:\/\/www.cranioreflex.com\/fr\/wp-json\/wp\/v2\/pages\/1666\/revisions"}],"predecessor-version":[{"id":1706,"href":"https:\/\/www.cranioreflex.com\/fr\/wp-json\/wp\/v2\/pages\/1666\/revisions\/1706"}],"up":[{"embeddable":true,"href":"https:\/\/www.cranioreflex.com\/fr\/wp-json\/wp\/v2\/pages\/1667"}],"wp:featuredmedia":[{"embeddable":true,"href":"https:\/\/www.cranioreflex.com\/fr\/wp-json\/wp\/v2\/media\/1672"}],"wp:attachment":[{"href":"https:\/\/www.cranioreflex.com\/fr\/wp-json\/wp\/v2\/media?parent=1666"}],"curies":[{"name":"wp","href":"https:\/\/api.w.org\/{rel}","templated":true}]}}