{"id":1665,"date":"2025-05-30T17:40:16","date_gmt":"2025-05-30T15:40:16","guid":{"rendered":"http:\/\/csri.korpak.hu\/?page_id=1665"},"modified":"2025-06-09T15:24:38","modified_gmt":"2025-06-09T13:24:38","slug":"zsofia-magyary-javor","status":"publish","type":"page","link":"https:\/\/www.cranioreflex.com\/fr\/membres-2\/enseignants-de-dpc\/zsofia-magyary-javor\/","title":{"rendered":"Zs\u00f3fia Magyary-J\u00e1vor"},"content":{"rendered":"<div id='av_section_1'  class='avia-section av-1zc6py-a9023673012283adb374f18408d1cd5a footer_color avia-section-default avia-no-border-styling  avia-builder-el-0  el_before_av_one_half  avia-builder-el-first  avia-bg-style-scroll container_wrap fullsize'  ><div class='container av-section-cont-open' ><main  role=\"main\" itemprop=\"mainContentOfPage\"  class='template-page content  av-content-full alpha units'><div class='post-entry post-entry-type-page post-entry-1665'><div class='entry-content-wrapper clearfix'>\n\n<style type=\"text\/css\" data-created_by=\"avia_inline_auto\" id=\"style-css-av-mbayn2me-406b499ad79ab07e29d4da10c58ed18e\">\n#top .av_textblock_section.av-mbayn2me-406b499ad79ab07e29d4da10c58ed18e .avia_textblock{\ncolor:#ffffff;\n}\n<\/style>\n<section  class='av_textblock_section av-mbayn2me-406b499ad79ab07e29d4da10c58ed18e '   itemscope=\"itemscope\" itemtype=\"https:\/\/schema.org\/CreativeWork\" ><div class='avia_textblock av_inherit_color'  itemprop=\"text\" ><p>H U N G A R Y<\/p>\n<\/div><\/section>\n\n<style type=\"text\/css\" data-created_by=\"avia_inline_auto\" id=\"style-css-av-mbaymvag-a38f42aa2f95347111b6b921c55f09eb\">\n#top .av-special-heading.av-mbaymvag-a38f42aa2f95347111b6b921c55f09eb{\nmargin:20px 0 0 0;\ncolor:#ffffff;\n}\nbody .av-special-heading.av-mbaymvag-a38f42aa2f95347111b6b921c55f09eb .av-special-heading-tag .heading-char{\nfont-size:25px;\n}\n.av-special-heading.av-mbaymvag-a38f42aa2f95347111b6b921c55f09eb .special-heading-inner-border{\nborder-color:#ffffff;\n}\n.av-special-heading.av-mbaymvag-a38f42aa2f95347111b6b921c55f09eb .av-subheading{\nfont-size:15px;\n}\n<\/style>\n<div  class='av-special-heading av-mbaymvag-a38f42aa2f95347111b6b921c55f09eb av-special-heading-h1 custom-color-heading blockquote modern-quote  avia-builder-el-2  el_after_av_textblock  avia-builder-el-last '><h1 class='av-special-heading-tag '  itemprop=\"headline\"  >Zs\u00f3fia Magyary-J\u00e1vor<\/h1><div class='av_custom_color av-subheading av-subheading_below'><p>P R O F E S S E U R E \/ P R A T I C I E N<br \/>\n( L A B O R A T O R Y T E S T C P D )<\/p>\n<\/div><div class=\"special-heading-border\"><div class=\"special-heading-inner-border\"><\/div><\/div><\/div>\n<\/div><\/div><\/main><!-- close content main element --><\/div><\/div><div id='after_section_1'  class='main_color av_default_container_wrap container_wrap fullsize'  ><div class='container av-section-cont-open' ><div class='template-page content  av-content-full alpha units'><div class='post-entry post-entry-type-page post-entry-1665'><div class='entry-content-wrapper clearfix'><div  class='flex_column av-30jcli-faaa40500b2a10ee22b9001aae8859d1 av_one_half  avia-builder-el-3  el_after_av_section  el_before_av_section  avia-builder-el-no-sibling  first flex_column_div  '     ><style type=\"text\/css\" data-created_by=\"avia_inline_auto\" id=\"style-css-av-m9zyximb-46f38b3bdb68ff25987a29c4fa3af195\">\n.avia-image-container.av-m9zyximb-46f38b3bdb68ff25987a29c4fa3af195 img.avia_image{\nbox-shadow:none;\n}\n.avia-image-container.av-m9zyximb-46f38b3bdb68ff25987a29c4fa3af195 .av-image-caption-overlay-center{\ncolor:#ffffff;\n}\n<\/style>\n<div  class='avia-image-container av-m9zyximb-46f38b3bdb68ff25987a29c4fa3af195 av-styling- avia-align-center  avia-builder-el-4  avia-builder-el-no-sibling '   itemprop=\"image\" itemscope=\"itemscope\" itemtype=\"https:\/\/schema.org\/ImageObject\" ><div class=\"avia-image-container-inner\"><div class=\"avia-image-overlay-wrap\"><img decoding=\"async\" fetchpriority=\"high\" class='wp-image-1675 avia-img-lazy-loading-not-1675 avia_image ' src=\"https:\/\/www.cranioreflex.com\/wp-content\/uploads\/2025\/04\/ZsofiaMagyaryJavor_2.jpg\" alt='' title='ZsofiaMagyaryJavor_2'  height=\"398\" width=\"525\"  itemprop=\"thumbnailUrl\" srcset=\"https:\/\/www.cranioreflex.com\/wp-content\/uploads\/2025\/04\/ZsofiaMagyaryJavor_2.jpg 525w, https:\/\/www.cranioreflex.com\/wp-content\/uploads\/2025\/04\/ZsofiaMagyaryJavor_2-300x227.jpg 300w\" sizes=\"(max-width: 525px) 100vw, 525px\" \/><\/div><\/div><\/div><\/div><\/p>\n<\/div><\/div><\/div><!-- close content main div --><\/div><\/div><div id='av_section_2'  class='avia-section av-1mq8m8-bc3c367325031d994234f54a350f9e7c main_color avia-section-small avia-no-border-styling  avia-builder-el-5  el_after_av_one_half  avia-builder-el-last  avia-bg-style-scroll container_wrap fullsize'  ><div class='container av-section-cont-open' ><div class='template-page content  av-content-full alpha units'><div class='post-entry post-entry-type-page post-entry-1665'><div class='entry-content-wrapper clearfix'>\n\n<style type=\"text\/css\" data-created_by=\"avia_inline_auto\" id=\"style-css-av-1en0tk-4ed4755e4e2548e66eaa8ec9b6f0c0a8\">\n.flex_column.av-1en0tk-4ed4755e4e2548e66eaa8ec9b6f0c0a8{\nborder-radius:0px 0px 0px 0px;\npadding:0px 0px 0px 0px;\n}\n<\/style>\n<div  class='flex_column av-1en0tk-4ed4755e4e2548e66eaa8ec9b6f0c0a8 av_three_fourth  avia-builder-el-6  el_before_av_one_fourth  avia-builder-el-first  first flex_column_div av-animated-generic bottom-to-top av-zero-column-padding  '     ><p>\n<style type=\"text\/css\" data-created_by=\"avia_inline_auto\" id=\"style-css-av-1a7u40-994a2773f69024345ada5bdbcfdc7c8a\">\n#top .av-special-heading.av-1a7u40-994a2773f69024345ada5bdbcfdc7c8a{\npadding-bottom:20px;\nfont-size:34px;\n}\nbody .av-special-heading.av-1a7u40-994a2773f69024345ada5bdbcfdc7c8a .av-special-heading-tag .heading-char{\nfont-size:25px;\n}\n#top #wrap_all .av-special-heading.av-1a7u40-994a2773f69024345ada5bdbcfdc7c8a .av-special-heading-tag{\nfont-size:34px;\n}\n.av-special-heading.av-1a7u40-994a2773f69024345ada5bdbcfdc7c8a .av-subheading{\nfont-size:15px;\n}\n\n@media only screen and (min-width: 480px) and (max-width: 767px){ \n#top #wrap_all .av-special-heading.av-1a7u40-994a2773f69024345ada5bdbcfdc7c8a .av-special-heading-tag{\nfont-size:0.8em;\n}\n}\n\n@media only screen and (max-width: 479px){ \n#top #wrap_all .av-special-heading.av-1a7u40-994a2773f69024345ada5bdbcfdc7c8a .av-special-heading-tag{\nfont-size:0.8em;\n}\n}\n<\/style>\n<div  class='av-special-heading av-1a7u40-994a2773f69024345ada5bdbcfdc7c8a av-special-heading-h3 blockquote modern-quote  avia-builder-el-7  el_before_av_textblock  avia-builder-el-first  av-inherit-size'><h3 class='av-special-heading-tag '  itemprop=\"headline\"  >About Zs\u00f3fi<\/h3><div class=\"special-heading-border\"><div class=\"special-heading-inner-border\"><\/div><\/div><\/div><br \/>\n<section  class='av_textblock_section av-10tj3k-e09842d0a21c00b8d6b9a03e8ed33e9f '   itemscope=\"itemscope\" itemtype=\"https:\/\/schema.org\/CreativeWork\" ><div class='avia_textblock'  itemprop=\"text\" ><p>Apr\u00e8s mes \u00e9tudes secondaires, j&#8217;ai commenc\u00e9 \u00e0 travailler comme assistante de laboratoire au Service national hongrois de transfusion sanguine et j&#8217;ai obtenu mon dipl\u00f4me d&#8217;analyste en 2003. Apr\u00e8s vingt ans dans le secteur de la sant\u00e9, je me suis int\u00e9ress\u00e9e aux th\u00e9rapies alternatives. En 2013, j&#8217;ai obtenu mon dipl\u00f4me de r\u00e9flexologue et cr\u00e9\u00e9 ma propre entreprise. Je travaille \u00e0 temps plein comme naturopathe et r\u00e9flexologue depuis 2017. \u00c0 l&#8217;invitation d&#8217;Anna Nagyn\u00e9 Hal\u00e1sz, j&#8217;ai rejoint le mouvement Reflexology Mastermind. Elle m&#8217;a d\u00e9l\u00e9gu\u00e9e au poste de coordinatrice nationale pour la Hongrie au Conseil international des r\u00e9flexologues (ICR). C&#8217;est l\u00e0 que j&#8217;ai rencontr\u00e9 Mariann Freed et entendu parler de la m\u00e9thode CSR. J&#8217;\u00e9tudie actuellement cette technique unique de r\u00e9flexologie \u00e0 l&#8217;Acad\u00e9mie d&#8217;excellence du CSRI.<\/p>\n<p>Mes clients me demandent souvent d&#8217;expliquer les r\u00e9sultats de leurs analyses de laboratoire. Je crois que l\u2019une des t\u00e2ches les plus importantes des naturopathes et des r\u00e9flexologues est de trouver le contexte derri\u00e8re les chiffres. C\u2019est pourquoi j\u2019aimerais soutenir mes coll\u00e8gues hongrois et anglophones avec mon cours de DPC \u00ab Comment lire et interpr\u00e9ter les tests de laboratoire du point de vue du r\u00e9flexologue \u00bb.<\/p>\n<\/div><\/section><\/p><\/div>\n<style type=\"text\/css\" data-created_by=\"avia_inline_auto\" id=\"style-css-av-2lsnnq-6bcdf79225f57bd17d8d0d45d97d6635\">\n.flex_column.av-2lsnnq-6bcdf79225f57bd17d8d0d45d97d6635{\nborder-radius:0px 0px 0px 0px;\npadding:0px 0px 0px 0px;\n}\n<\/style>\n<div  class='flex_column av-2lsnnq-6bcdf79225f57bd17d8d0d45d97d6635 av_one_fourth  avia-builder-el-9  el_after_av_three_fourth  avia-builder-el-last  flex_column_div av-animated-generic bottom-to-top av-zero-column-padding  '     ><section  class='av_textblock_section av-m9zxwg3r-ec91a3d1154c3402a83404140c148577 '   itemscope=\"itemscope\" itemtype=\"https:\/\/schema.org\/CreativeWork\" ><div class='avia_textblock'  itemprop=\"text\" ><p><strong>Lieu<\/strong>:<br \/>\nHongrie<br \/>\nCours en ligne disponibles<\/p>\n<p><strong>Qualifications<\/strong>:<br \/>\n&#8211; Analyste en diagnostic de laboratoire m\u00e9dical (2003)<br \/>\n&#8211; R\u00e9flexologue (2013)<br \/>\n&#8211; Astrologue chinois (2022)<br \/>\n&#8211; \u00c9tudiant en r\u00e9flexologie cranio-sacr\u00e9e Faure-Alderson\u00ae<\/p>\n<\/div><\/section><\/div>\n","protected":false},"excerpt":{"rendered":"","protected":false},"author":1,"featured_media":1675,"parent":1663,"menu_order":0,"comment_status":"closed","ping_status":"closed","template":"","meta":{"footnotes":""},"class_list":["post-1665","page","type-page","status-publish","has-post-thumbnail","hentry"],"_links":{"self":[{"href":"https:\/\/www.cranioreflex.com\/fr\/wp-json\/wp\/v2\/pages\/1665","targetHints":{"allow":["GET"]}}],"collection":[{"href":"https:\/\/www.cranioreflex.com\/fr\/wp-json\/wp\/v2\/pages"}],"about":[{"href":"https:\/\/www.cranioreflex.com\/fr\/wp-json\/wp\/v2\/types\/page"}],"author":[{"embeddable":true,"href":"https:\/\/www.cranioreflex.com\/fr\/wp-json\/wp\/v2\/users\/1"}],"replies":[{"embeddable":true,"href":"https:\/\/www.cranioreflex.com\/fr\/wp-json\/wp\/v2\/comments?post=1665"}],"version-history":[{"count":3,"href":"https:\/\/www.cranioreflex.com\/fr\/wp-json\/wp\/v2\/pages\/1665\/revisions"}],"predecessor-version":[{"id":1698,"href":"https:\/\/www.cranioreflex.com\/fr\/wp-json\/wp\/v2\/pages\/1665\/revisions\/1698"}],"up":[{"embeddable":true,"href":"https:\/\/www.cranioreflex.com\/fr\/wp-json\/wp\/v2\/pages\/1663"}],"wp:featuredmedia":[{"embeddable":true,"href":"https:\/\/www.cranioreflex.com\/fr\/wp-json\/wp\/v2\/media\/1675"}],"wp:attachment":[{"href":"https:\/\/www.cranioreflex.com\/fr\/wp-json\/wp\/v2\/media?parent=1665"}],"curies":[{"name":"wp","href":"https:\/\/api.w.org\/{rel}","templated":true}]}}