{"id":1664,"date":"2025-05-30T17:36:32","date_gmt":"2025-05-30T15:36:32","guid":{"rendered":"http:\/\/csri.korpak.hu\/?page_id=1664"},"modified":"2025-06-09T15:22:46","modified_gmt":"2025-06-09T13:22:46","slug":"vivian-hu-adams","status":"publish","type":"page","link":"https:\/\/www.cranioreflex.com\/fr\/membres-2\/enseignants-de-dpc\/vivian-hu-adams\/","title":{"rendered":"Vivian Hu Adams"},"content":{"rendered":"<div id='av_section_1'  class='avia-section av-1zc6py-a9023673012283adb374f18408d1cd5a footer_color avia-section-default avia-no-border-styling  avia-builder-el-0  el_before_av_one_half  avia-builder-el-first  avia-bg-style-scroll container_wrap fullsize'  ><div class='container av-section-cont-open' ><main  role=\"main\" itemprop=\"mainContentOfPage\"  class='template-page content  av-content-full alpha units'><div class='post-entry post-entry-type-page post-entry-1664'><div class='entry-content-wrapper clearfix'>\n\n<style type=\"text\/css\" data-created_by=\"avia_inline_auto\" id=\"style-css-av-mbayn2me-406b499ad79ab07e29d4da10c58ed18e\">\n#top .av_textblock_section.av-mbayn2me-406b499ad79ab07e29d4da10c58ed18e .avia_textblock{\ncolor:#ffffff;\n}\n<\/style>\n<section  class='av_textblock_section av-mbayn2me-406b499ad79ab07e29d4da10c58ed18e '   itemscope=\"itemscope\" itemtype=\"https:\/\/schema.org\/CreativeWork\" ><div class='avia_textblock av_inherit_color'  itemprop=\"text\" ><p>U K<\/p>\n<\/div><\/section>\n\n<style type=\"text\/css\" data-created_by=\"avia_inline_auto\" id=\"style-css-av-mbaymvag-05721e7540bfc491575e844032ca9a0a\">\n#top .av-special-heading.av-mbaymvag-05721e7540bfc491575e844032ca9a0a{\nmargin:20px 0 0 0;\ncolor:#ffffff;\n}\nbody .av-special-heading.av-mbaymvag-05721e7540bfc491575e844032ca9a0a .av-special-heading-tag .heading-char{\nfont-size:25px;\n}\n.av-special-heading.av-mbaymvag-05721e7540bfc491575e844032ca9a0a .special-heading-inner-border{\nborder-color:#ffffff;\n}\n.av-special-heading.av-mbaymvag-05721e7540bfc491575e844032ca9a0a .av-subheading{\nfont-size:15px;\n}\n<\/style>\n<div  class='av-special-heading av-mbaymvag-05721e7540bfc491575e844032ca9a0a av-special-heading-h1 custom-color-heading blockquote modern-quote  avia-builder-el-2  el_after_av_textblock  avia-builder-el-last '><h1 class='av-special-heading-tag '  itemprop=\"headline\"  >Vivian Hu Adams<\/h1><div class='av_custom_color av-subheading av-subheading_below'><p>P R O F E S S E U R E \/ P R A T I C I E N<br \/>\n( B U S I N E S S C P D )<\/p>\n<\/div><div class=\"special-heading-border\"><div class=\"special-heading-inner-border\"><\/div><\/div><\/div>\n<\/div><\/div><\/main><!-- close content main element --><\/div><\/div><div id='after_section_1'  class='main_color av_default_container_wrap container_wrap fullsize'  ><div class='container av-section-cont-open' ><div class='template-page content  av-content-full alpha units'><div class='post-entry post-entry-type-page post-entry-1664'><div class='entry-content-wrapper clearfix'><div  class='flex_column av-30jcli-faaa40500b2a10ee22b9001aae8859d1 av_one_half  avia-builder-el-3  el_after_av_section  el_before_av_section  avia-builder-el-no-sibling  first flex_column_div  '     ><style type=\"text\/css\" data-created_by=\"avia_inline_auto\" id=\"style-css-av-m9zyximb-eed6d2c79ee59ef491440db62a1a5dc0\">\n.avia-image-container.av-m9zyximb-eed6d2c79ee59ef491440db62a1a5dc0 img.avia_image{\nbox-shadow:none;\n}\n.avia-image-container.av-m9zyximb-eed6d2c79ee59ef491440db62a1a5dc0 .av-image-caption-overlay-center{\ncolor:#ffffff;\n}\n<\/style>\n<div  class='avia-image-container av-m9zyximb-eed6d2c79ee59ef491440db62a1a5dc0 av-styling- avia-align-center  avia-builder-el-4  avia-builder-el-no-sibling '   itemprop=\"image\" itemscope=\"itemscope\" itemtype=\"https:\/\/schema.org\/ImageObject\" ><div class=\"avia-image-container-inner\"><div class=\"avia-image-overlay-wrap\"><img decoding=\"async\" fetchpriority=\"high\" class='wp-image-1674 avia-img-lazy-loading-not-1674 avia_image ' src=\"https:\/\/www.cranioreflex.com\/wp-content\/uploads\/2025\/04\/VivianHuAdams._2jpg.jpg\" alt='' title='VivianHuAdams._2jpg'  height=\"397\" width=\"520\"  itemprop=\"thumbnailUrl\" srcset=\"https:\/\/www.cranioreflex.com\/wp-content\/uploads\/2025\/04\/VivianHuAdams._2jpg.jpg 520w, https:\/\/www.cranioreflex.com\/wp-content\/uploads\/2025\/04\/VivianHuAdams._2jpg-300x229.jpg 300w\" sizes=\"(max-width: 520px) 100vw, 520px\" \/><\/div><\/div><\/div><\/div><\/p>\n<\/div><\/div><\/div><!-- close content main div --><\/div><\/div><div id='av_section_2'  class='avia-section av-1mq8m8-bc3c367325031d994234f54a350f9e7c main_color avia-section-small avia-no-border-styling  avia-builder-el-5  el_after_av_one_half  avia-builder-el-last  avia-bg-style-scroll container_wrap fullsize'  ><div class='container av-section-cont-open' ><div class='template-page content  av-content-full alpha units'><div class='post-entry post-entry-type-page post-entry-1664'><div class='entry-content-wrapper clearfix'>\n\n<style type=\"text\/css\" data-created_by=\"avia_inline_auto\" id=\"style-css-av-1en0tk-4ed4755e4e2548e66eaa8ec9b6f0c0a8\">\n.flex_column.av-1en0tk-4ed4755e4e2548e66eaa8ec9b6f0c0a8{\nborder-radius:0px 0px 0px 0px;\npadding:0px 0px 0px 0px;\n}\n<\/style>\n<div  class='flex_column av-1en0tk-4ed4755e4e2548e66eaa8ec9b6f0c0a8 av_three_fourth  avia-builder-el-6  el_before_av_one_fourth  avia-builder-el-first  first flex_column_div av-animated-generic bottom-to-top av-zero-column-padding  '     ><p>\n<style type=\"text\/css\" data-created_by=\"avia_inline_auto\" id=\"style-css-av-1a7u40-d4d3d5165bc8ec25a637ca5e86c36c11\">\n#top .av-special-heading.av-1a7u40-d4d3d5165bc8ec25a637ca5e86c36c11{\npadding-bottom:20px;\nfont-size:34px;\n}\nbody .av-special-heading.av-1a7u40-d4d3d5165bc8ec25a637ca5e86c36c11 .av-special-heading-tag .heading-char{\nfont-size:25px;\n}\n#top #wrap_all .av-special-heading.av-1a7u40-d4d3d5165bc8ec25a637ca5e86c36c11 .av-special-heading-tag{\nfont-size:34px;\n}\n.av-special-heading.av-1a7u40-d4d3d5165bc8ec25a637ca5e86c36c11 .av-subheading{\nfont-size:15px;\n}\n\n@media only screen and (min-width: 480px) and (max-width: 767px){ \n#top #wrap_all .av-special-heading.av-1a7u40-d4d3d5165bc8ec25a637ca5e86c36c11 .av-special-heading-tag{\nfont-size:0.8em;\n}\n}\n\n@media only screen and (max-width: 479px){ \n#top #wrap_all .av-special-heading.av-1a7u40-d4d3d5165bc8ec25a637ca5e86c36c11 .av-special-heading-tag{\nfont-size:0.8em;\n}\n}\n<\/style>\n<div  class='av-special-heading av-1a7u40-d4d3d5165bc8ec25a637ca5e86c36c11 av-special-heading-h3 blockquote modern-quote  avia-builder-el-7  el_before_av_textblock  avia-builder-el-first  av-inherit-size'><h3 class='av-special-heading-tag '  itemprop=\"headline\"  >A propos de Vivian<\/h3><div class=\"special-heading-border\"><div class=\"special-heading-inner-border\"><\/div><\/div><\/div><br \/>\n<section  class='av_textblock_section av-10tj3k-e09842d0a21c00b8d6b9a03e8ed33e9f '   itemscope=\"itemscope\" itemtype=\"https:\/\/schema.org\/CreativeWork\" ><div class='avia_textblock'  itemprop=\"text\" ><p>Apr\u00e8s ses \u00e9tudes en biologie (Mol\u00e9culaire et cellulaire) et en fran\u00e7ais, elle a travaill\u00e9 dans des laboratoires de recherche scientifiques. Une \u00e9tudiante de la R\u00e9flexologie Cr\u00e2nio-Sacr\u00e9e depuis 2014, Vivian a eu l\u2019occasion d\u2019\u00e9tudier la r\u00e9flexologie avec Celina Fernandes et par apr\u00e8s, Martine Faure- Alderson elle-m\u00eame.<\/p>\n<p>Elle a enseign\u00e9 l\u2019anglais \u00e0 une \u00e9cole Polytechnique \u00e0 Paris, lors de son s\u00e9jour \u00e0 Paris pour une ann\u00e9e. Elle a travaill\u00e9 en soci\u00e9t\u00e9s technologies et a continu\u00e9 son d\u00e9veloppement professionnel en th\u00e9rapies compl\u00e9mentaires : la R\u00e9flexologie, le Massage indien<br \/>\n[Indian Head Massage], et l\u2019aromath\u00e9rapie.<\/p>\n<p>Elle est passionn\u00e9e de travailler avec les professionnels qui souhaitent am\u00e9liorer leur sant\u00e9, et de d\u00e9velopper des techniques pour soutenir le bien-\u00eatre des autres. Ce cours est vis\u00e9 aux th\u00e9rapeutes qui veulent int\u00e9grer leur connaissance th\u00e9rapeutique dans le cadre d\u2019une clinique pratique.<\/p>\n<\/div><\/section><\/p><\/div>\n<style type=\"text\/css\" data-created_by=\"avia_inline_auto\" id=\"style-css-av-2lsnnq-6bcdf79225f57bd17d8d0d45d97d6635\">\n.flex_column.av-2lsnnq-6bcdf79225f57bd17d8d0d45d97d6635{\nborder-radius:0px 0px 0px 0px;\npadding:0px 0px 0px 0px;\n}\n<\/style>\n<div  class='flex_column av-2lsnnq-6bcdf79225f57bd17d8d0d45d97d6635 av_one_fourth  avia-builder-el-9  el_after_av_three_fourth  avia-builder-el-last  flex_column_div av-animated-generic bottom-to-top av-zero-column-padding  '     ><section  class='av_textblock_section av-m9zxwg3r-ec91a3d1154c3402a83404140c148577 '   itemscope=\"itemscope\" itemtype=\"https:\/\/schema.org\/CreativeWork\" ><div class='avia_textblock'  itemprop=\"text\" ><p><strong>Situ\u00e9e<\/strong>:<br \/>\nCambridge, Angleterre, Royaume-Uni<\/p>\n<p><strong>Qualifications<\/strong>:<br \/>\n&#8211; Praticienne en R\u00e9flexologie Cranio-Sacr\u00e9e (CSRI Academy of Excellence)<br \/>\n&#8211; Ma\u00eetrise \u00e8s arts, (fran\u00e7ais) (Middlebury College)<br \/>\n&#8211; Dipl\u00f4me de Commerce (Fran\u00e7ais) (Chambre de Commerce et d\u2019Industrie de Paris)<br \/>\n&#8211; B.A, Biologie cellulaire mol\u00e9culaire (fran\u00e7ais) (University of California, Berkeley<\/p>\n<\/div><\/section><\/div>\n","protected":false},"excerpt":{"rendered":"","protected":false},"author":1,"featured_media":1674,"parent":1663,"menu_order":0,"comment_status":"closed","ping_status":"closed","template":"","meta":{"footnotes":""},"class_list":["post-1664","page","type-page","status-publish","has-post-thumbnail","hentry"],"_links":{"self":[{"href":"https:\/\/www.cranioreflex.com\/fr\/wp-json\/wp\/v2\/pages\/1664","targetHints":{"allow":["GET"]}}],"collection":[{"href":"https:\/\/www.cranioreflex.com\/fr\/wp-json\/wp\/v2\/pages"}],"about":[{"href":"https:\/\/www.cranioreflex.com\/fr\/wp-json\/wp\/v2\/types\/page"}],"author":[{"embeddable":true,"href":"https:\/\/www.cranioreflex.com\/fr\/wp-json\/wp\/v2\/users\/1"}],"replies":[{"embeddable":true,"href":"https:\/\/www.cranioreflex.com\/fr\/wp-json\/wp\/v2\/comments?post=1664"}],"version-history":[{"count":3,"href":"https:\/\/www.cranioreflex.com\/fr\/wp-json\/wp\/v2\/pages\/1664\/revisions"}],"predecessor-version":[{"id":1697,"href":"https:\/\/www.cranioreflex.com\/fr\/wp-json\/wp\/v2\/pages\/1664\/revisions\/1697"}],"up":[{"embeddable":true,"href":"https:\/\/www.cranioreflex.com\/fr\/wp-json\/wp\/v2\/pages\/1663"}],"wp:featuredmedia":[{"embeddable":true,"href":"https:\/\/www.cranioreflex.com\/fr\/wp-json\/wp\/v2\/media\/1674"}],"wp:attachment":[{"href":"https:\/\/www.cranioreflex.com\/fr\/wp-json\/wp\/v2\/media?parent=1664"}],"curies":[{"name":"wp","href":"https:\/\/api.w.org\/{rel}","templated":true}]}}