{"id":1634,"date":"2016-07-15T14:19:56","date_gmt":"2016-07-15T12:19:56","guid":{"rendered":"http:\/\/csri.korpak.hu\/?page_id=1634"},"modified":"2025-06-09T14:48:47","modified_gmt":"2025-06-09T12:48:47","slug":"contact","status":"publish","type":"page","link":"https:\/\/www.cranioreflex.com\/fr\/contact\/","title":{"rendered":"Contact"},"content":{"rendered":"<div id='av_section_1'  class='avia-section av-xyyi-51bd190575281294f6b0485fa87d8f58 footer_color avia-section-default avia-no-border-styling  avia-builder-el-0  el_before_av_section  avia-builder-el-first  avia-bg-style-scroll container_wrap fullsize'  ><div class='container av-section-cont-open' ><main  role=\"main\" itemprop=\"mainContentOfPage\"  class='template-page content  av-content-full alpha units'><div class='post-entry post-entry-type-page post-entry-1634'><div class='entry-content-wrapper clearfix'>\n\n<style type=\"text\/css\" data-created_by=\"avia_inline_auto\" id=\"style-css-av-m7rwq9oe-9910832639e9eb7483c0dc6e37713e9f\">\n#top .av-special-heading.av-m7rwq9oe-9910832639e9eb7483c0dc6e37713e9f{\ncolor:#ffffff;\n}\nbody .av-special-heading.av-m7rwq9oe-9910832639e9eb7483c0dc6e37713e9f .av-special-heading-tag .heading-char{\nfont-size:25px;\n}\n.av-special-heading.av-m7rwq9oe-9910832639e9eb7483c0dc6e37713e9f .special-heading-inner-border{\nborder-color:#ffffff;\n}\n.av-special-heading.av-m7rwq9oe-9910832639e9eb7483c0dc6e37713e9f .av-subheading{\nfont-size:15px;\n}\n<\/style>\n<div  class='av-special-heading av-m7rwq9oe-9910832639e9eb7483c0dc6e37713e9f av-special-heading-h1 custom-color-heading blockquote modern-quote  avia-builder-el-1  avia-builder-el-no-sibling '><h1 class='av-special-heading-tag '  itemprop=\"headline\"  >Contact<\/h1><div class=\"special-heading-border\"><div class=\"special-heading-inner-border\"><\/div><\/div><\/div>\n\n<\/div><\/div><\/main><!-- close content main element --><\/div><\/div>\n<style type=\"text\/css\" data-created_by=\"avia_inline_auto\" id=\"style-css-av-3l6hei-d56a2a05249faf36b4d8e96e2cd5385b\">\n.avia-section.av-3l6hei-d56a2a05249faf36b4d8e96e2cd5385b{\nbackground-repeat:no-repeat;\nbackground-image:url(https:\/\/www.cranioreflex.com\/wp-content\/uploads\/2025\/03\/HQ_4.png);\nbackground-position:0% 100%;\nbackground-attachment:scroll;\n}\n<\/style>\n<div id='av_section_2'  class='avia-section av-3l6hei-d56a2a05249faf36b4d8e96e2cd5385b main_color avia-section-huge avia-no-border-styling  avia-builder-el-2  el_after_av_section  avia-builder-el-last  avia-bg-style-scroll container_wrap fullsize'  data-section-bg-repeat='no-repeat'><div class='container av-section-cont-open' ><div class='template-page content  av-content-full alpha units'><div class='post-entry post-entry-type-page post-entry-1634'><div class='entry-content-wrapper clearfix'>\n\n<style type=\"text\/css\" data-created_by=\"avia_inline_auto\" id=\"style-css-av-1x3ma-2b9e1b274a5fa669a23a614c70d432e1\">\n#top .av-special-heading.av-1x3ma-2b9e1b274a5fa669a23a614c70d432e1{\npadding-bottom:20px;\nfont-size:34px;\n}\nbody .av-special-heading.av-1x3ma-2b9e1b274a5fa669a23a614c70d432e1 .av-special-heading-tag .heading-char{\nfont-size:25px;\n}\n#top #wrap_all .av-special-heading.av-1x3ma-2b9e1b274a5fa669a23a614c70d432e1 .av-special-heading-tag{\nfont-size:34px;\n}\n.av-special-heading.av-1x3ma-2b9e1b274a5fa669a23a614c70d432e1 .av-subheading{\nfont-size:15px;\n}\n\n@media only screen and (min-width: 480px) and (max-width: 767px){ \n#top #wrap_all .av-special-heading.av-1x3ma-2b9e1b274a5fa669a23a614c70d432e1 .av-special-heading-tag{\nfont-size:0.8em;\n}\n}\n\n@media only screen and (max-width: 479px){ \n#top #wrap_all .av-special-heading.av-1x3ma-2b9e1b274a5fa669a23a614c70d432e1 .av-special-heading-tag{\nfont-size:0.8em;\n}\n}\n<\/style>\n<div  class='av-special-heading av-1x3ma-2b9e1b274a5fa669a23a614c70d432e1 av-special-heading-h3 blockquote modern-quote  avia-builder-el-3  el_before_av_one_half  avia-builder-el-first  av-inherit-size'><h3 class='av-special-heading-tag '  itemprop=\"headline\"  >Unis dans la pratique : faire progresser la r\u00e9flexologie cranio-sacr\u00e9e gr\u00e2ce \u00e0 l\u2019excellence communautaire<\/h3><div class=\"special-heading-border\"><div class=\"special-heading-inner-border\"><\/div><\/div><\/div>\n\n<style type=\"text\/css\" data-created_by=\"avia_inline_auto\" id=\"style-css-av-2aeuai-c97da7fe26da5abaa7f262ec83eeea2b\">\n.flex_column.av-2aeuai-c97da7fe26da5abaa7f262ec83eeea2b{\nborder-radius:0px 0px 0px 0px;\npadding:0px 0px 0px 0px;\n}\n<\/style>\n<div  class='flex_column av-2aeuai-c97da7fe26da5abaa7f262ec83eeea2b av_one_half  avia-builder-el-4  el_after_av_heading  el_before_av_one_half  first flex_column_div av-animated-generic bottom-to-top av-zero-column-padding  '     ><p>\n<style type=\"text\/css\" data-created_by=\"avia_inline_auto\" id=\"style-css-av-21rl1m-9040888710a1480dc25e3ba21ebf8dcc\">\n#top .av-special-heading.av-21rl1m-9040888710a1480dc25e3ba21ebf8dcc{\npadding-bottom:20px;\nfont-size:34px;\n}\nbody .av-special-heading.av-21rl1m-9040888710a1480dc25e3ba21ebf8dcc .av-special-heading-tag .heading-char{\nfont-size:25px;\n}\n#top #wrap_all .av-special-heading.av-21rl1m-9040888710a1480dc25e3ba21ebf8dcc .av-special-heading-tag{\nfont-size:34px;\n}\n.av-special-heading.av-21rl1m-9040888710a1480dc25e3ba21ebf8dcc .av-subheading{\nfont-size:15px;\n}\n\n@media only screen and (min-width: 480px) and (max-width: 767px){ \n#top #wrap_all .av-special-heading.av-21rl1m-9040888710a1480dc25e3ba21ebf8dcc .av-special-heading-tag{\nfont-size:0.8em;\n}\n}\n\n@media only screen and (max-width: 479px){ \n#top #wrap_all .av-special-heading.av-21rl1m-9040888710a1480dc25e3ba21ebf8dcc .av-special-heading-tag{\nfont-size:0.8em;\n}\n}\n<\/style>\n<div  class='av-special-heading av-21rl1m-9040888710a1480dc25e3ba21ebf8dcc av-special-heading-h3 blockquote modern-quote  avia-builder-el-5  el_before_av_contact  avia-builder-el-first  av-inherit-size'><h3 class='av-special-heading-tag '  itemprop=\"headline\"  >Rester en contact<\/h3><div class=\"special-heading-border\"><div class=\"special-heading-inner-border\"><\/div><\/div><\/div><br \/>\n<form action=\"https:\/\/www.cranioreflex.com\/fr\/contact\/\" method=\"post\" data-fields-with-error=\"Erreurs trouv\u00e9es dans les champs suivants :\" class=\"avia_ajax_form av-form-labels-hidden   avia-builder-el-6  el_after_av_heading  avia-builder-el-last   \" data-avia-form-id=\"1\" data-avia-redirect=''  aria-label='Contact Form' ><fieldset><p class='  first_form  form_element form_element_half' id='element_avia_1_1'><label for=\"avia_1_1\">Nom <abbr class=\"required\" title=\"requis(e)\">*<\/abbr><\/label> <input name=\"avia_1_1\" class=\"text_input is_empty\" type=\"text\" id=\"avia_1_1\" value=\"\"  placeholder='Nom*'\/><\/p><p class='  form_element form_element_half' id='element_avia_2_1'><label for=\"avia_2_1\">E-Mail <abbr class=\"required\" title=\"requis(e)\">*<\/abbr><\/label> <input name=\"avia_2_1\" class=\"text_input is_email\" type=\"text\" id=\"avia_2_1\" value=\"\"  placeholder='E-Mail*'\/><\/p><p class='  first_form  form_element form_fullwidth' id='element_avia_3_1'><label for=\"avia_3_1\">Sujette <abbr class=\"required\" title=\"requis(e)\">*<\/abbr><\/label> <input name=\"avia_3_1\" class=\"text_input is_empty\" type=\"text\" id=\"avia_3_1\" value=\"\"  placeholder='Sujette*'\/><\/p><p class='  first_form  form_element form_fullwidth' id='element_avia_4_1'><label for=\"avia_4_1\" class=\"textare_label hidden textare_label_avia_4_1\">Message <abbr class=\"required\" title=\"requis(e)\">*<\/abbr><\/label><textarea  placeholder='Message*' name=\"avia_4_1\" class=\"text_area is_empty\" cols=\"40\" rows=\"7\" id=\"avia_4_1\" ><\/textarea><\/p><p class=\"hidden\"><input type=\"text\" name=\"avia_5_1\" class=\"hidden \" id=\"avia_5_1\" value=\"\" \/><\/p><p class='   form_element form_fullwidth' id='element_avia_6_1'><span class='value_verifier_label'>6 + 2 = ?<\/span><input name=\"avia_6_1_verifier\" type=\"hidden\" id=\"avia_6_1_verifier\" value=\"428213338\"\/><label for=\"avia_6_1\">Merci de prouver que vous \u00eates un humain en donnant le r\u00e9sultat de cette op\u00e9ration <abbr class=\"required\" title=\"requis(e)\">*<\/abbr><\/label><input name=\"avia_6_1\" class=\"text_input captcha\" type=\"text\" id=\"avia_6_1\" value=\"\"\/><\/p><p class=\"form_element \"><input type=\"hidden\" value=\"1\" name=\"avia_generated_form1\" \/><input type=\"submit\" value=\"Soumettre\" class=\"button\"  data-sending-label=\"Envoi\"\/><\/p><\/fieldset><\/form><div id=\"ajaxresponse_1\" class=\"ajaxresponse ajaxresponse_1 hidden\"><\/div><\/p><\/div>\n<style type=\"text\/css\" data-created_by=\"avia_inline_auto\" id=\"style-css-av-2rmdu-6ba2d797a6b373f7cbf42c11d2765b0b\">\n.flex_column.av-2rmdu-6ba2d797a6b373f7cbf42c11d2765b0b{\nborder-radius:0px 0px 0px 0px;\npadding:0px 0px 0px 0px;\n}\n<\/style>\n<div  class='flex_column av-2rmdu-6ba2d797a6b373f7cbf42c11d2765b0b av_one_half  avia-builder-el-7  el_after_av_one_half  avia-builder-el-last  flex_column_div av-animated-generic bottom-to-top av-zero-column-padding  '     ><p><section  class='av_textblock_section av-hrf96-a873791183dc9f9578b4e27aa24464c2 '   itemscope=\"itemscope\" itemtype=\"https:\/\/schema.org\/CreativeWork\" ><div class='avia_textblock'  itemprop=\"text\" ><p><strong>Acad\u00e9mie d&#8217;excellence du CSRI<\/strong><\/p>\n<p>66 Milner Road<br \/>\nCaterham<br \/>\nSurrey, CR3 6JR<br \/>\nUnited Kingdom<\/p>\n<\/div><\/section><br \/>\n<section  class='av_textblock_section av-mbdf9irs-e06ccdce0d06f111bd9f75278820cf13 '   itemscope=\"itemscope\" itemtype=\"https:\/\/schema.org\/CreativeWork\" ><div class='avia_textblock'  itemprop=\"text\" ><p><strong>Centre d&#8217;\u00e9ducation<\/strong><\/p>\n<p>The Nexus<br \/>\nWalton Lane Farm<br \/>\nWalton Lane<br \/>\nShepperton, TW17 8LH<br \/>\nUnited Kingdom<\/p>\n<\/div><\/section><br \/>\n\n<style type=\"text\/css\" data-created_by=\"avia_inline_auto\" id=\"style-css-av-mbdfeknu-551344b2d8b54f256669be8e0082a8b6\">\n.avia-image-container.av-mbdfeknu-551344b2d8b54f256669be8e0082a8b6 img.avia_image{\nbox-shadow:none;\n}\n.avia-image-container.av-mbdfeknu-551344b2d8b54f256669be8e0082a8b6 .av-image-caption-overlay-center{\ncolor:#ffffff;\n}\n<\/style>\n<div  class='avia-image-container av-mbdfeknu-551344b2d8b54f256669be8e0082a8b6 av-styling- avia-align-center  avia-builder-el-10  el_after_av_textblock  avia-builder-el-last '   itemprop=\"image\" itemscope=\"itemscope\" itemtype=\"https:\/\/schema.org\/ImageObject\" ><div class=\"avia-image-container-inner\"><div class=\"avia-image-overlay-wrap\"><img decoding=\"async\" fetchpriority=\"high\" class='wp-image-1776 avia-img-lazy-loading-not-1776 avia_image ' src=\"https:\/\/www.cranioreflex.com\/wp-content\/uploads\/2015\/06\/Nexus-1030x687.jpg\" alt='' title='Nexus'  height=\"687\" width=\"1030\"  itemprop=\"thumbnailUrl\" srcset=\"https:\/\/www.cranioreflex.com\/wp-content\/uploads\/2015\/06\/Nexus-1030x687.jpg 1030w, https:\/\/www.cranioreflex.com\/wp-content\/uploads\/2015\/06\/Nexus-300x200.jpg 300w, https:\/\/www.cranioreflex.com\/wp-content\/uploads\/2015\/06\/Nexus-768x512.jpg 768w, https:\/\/www.cranioreflex.com\/wp-content\/uploads\/2015\/06\/Nexus-1536x1024.jpg 1536w, https:\/\/www.cranioreflex.com\/wp-content\/uploads\/2015\/06\/Nexus-1500x1000.jpg 1500w, https:\/\/www.cranioreflex.com\/wp-content\/uploads\/2015\/06\/Nexus-705x470.jpg 705w, https:\/\/www.cranioreflex.com\/wp-content\/uploads\/2015\/06\/Nexus.jpg 1920w\" sizes=\"(max-width: 1030px) 100vw, 1030px\" \/><\/div><\/div><\/div><\/p><\/div>\n","protected":false},"excerpt":{"rendered":"","protected":false},"author":1,"featured_media":0,"parent":0,"menu_order":0,"comment_status":"closed","ping_status":"closed","template":"","meta":{"footnotes":""},"class_list":["post-1634","page","type-page","status-publish","hentry"],"_links":{"self":[{"href":"https:\/\/www.cranioreflex.com\/fr\/wp-json\/wp\/v2\/pages\/1634","targetHints":{"allow":["GET"]}}],"collection":[{"href":"https:\/\/www.cranioreflex.com\/fr\/wp-json\/wp\/v2\/pages"}],"about":[{"href":"https:\/\/www.cranioreflex.com\/fr\/wp-json\/wp\/v2\/types\/page"}],"author":[{"embeddable":true,"href":"https:\/\/www.cranioreflex.com\/fr\/wp-json\/wp\/v2\/users\/1"}],"replies":[{"embeddable":true,"href":"https:\/\/www.cranioreflex.com\/fr\/wp-json\/wp\/v2\/comments?post=1634"}],"version-history":[{"count":2,"href":"https:\/\/www.cranioreflex.com\/fr\/wp-json\/wp\/v2\/pages\/1634\/revisions"}],"predecessor-version":[{"id":1643,"href":"https:\/\/www.cranioreflex.com\/fr\/wp-json\/wp\/v2\/pages\/1634\/revisions\/1643"}],"wp:attachment":[{"href":"https:\/\/www.cranioreflex.com\/fr\/wp-json\/wp\/v2\/media?parent=1634"}],"curies":[{"name":"wp","href":"https:\/\/api.w.org\/{rel}","templated":true}]}}