{"id":1609,"date":"2016-07-15T14:20:26","date_gmt":"2016-07-15T12:20:26","guid":{"rendered":"http:\/\/csri.korpak.hu\/?page_id=1609"},"modified":"2025-06-09T15:33:26","modified_gmt":"2025-06-09T13:33:26","slug":"a-propos-de-martine","status":"publish","type":"page","link":"https:\/\/www.cranioreflex.com\/fr\/a-propos-du-csri\/a-propos-de-martine\/","title":{"rendered":"\u00c0 propos de Martine"},"content":{"rendered":"<div id='av_section_1'  class='avia-section av-a1d87-8351d0e7808c00cb1737e7f4f7a049aa footer_color avia-section-default avia-no-border-styling  avia-builder-el-0  el_before_av_one_third  avia-builder-el-first  avia-bg-style-scroll container_wrap fullsize'  ><div class='container av-section-cont-open' ><main  role=\"main\" itemprop=\"mainContentOfPage\"  class='template-page content  av-content-full alpha units'><div class='post-entry post-entry-type-page post-entry-1609'><div class='entry-content-wrapper clearfix'>\n\n<style type=\"text\/css\" data-created_by=\"avia_inline_auto\" id=\"style-css-av-m7rw7moc-57308ffaa5431e28e1ea488cb7fd0245\">\n#top .av-special-heading.av-m7rw7moc-57308ffaa5431e28e1ea488cb7fd0245{\ncolor:#ffffff;\n}\nbody .av-special-heading.av-m7rw7moc-57308ffaa5431e28e1ea488cb7fd0245 .av-special-heading-tag .heading-char{\nfont-size:25px;\n}\n.av-special-heading.av-m7rw7moc-57308ffaa5431e28e1ea488cb7fd0245 .special-heading-inner-border{\nborder-color:#ffffff;\n}\n.av-special-heading.av-m7rw7moc-57308ffaa5431e28e1ea488cb7fd0245 .av-subheading{\nfont-size:15px;\n}\n<\/style>\n<div  class='av-special-heading av-m7rw7moc-57308ffaa5431e28e1ea488cb7fd0245 av-special-heading-h1 custom-color-heading blockquote modern-quote  avia-builder-el-1  avia-builder-el-no-sibling '><h1 class='av-special-heading-tag '  itemprop=\"headline\"  >\u00c0 propos de Martine<\/h1><div class=\"special-heading-border\"><div class=\"special-heading-inner-border\"><\/div><\/div><\/div>\n<\/div><\/div><\/main><!-- close content main element --><\/div><\/div><div id='after_section_1'  class='main_color av_default_container_wrap container_wrap fullsize'  ><div class='container av-section-cont-open' ><div class='template-page content  av-content-full alpha units'><div class='post-entry post-entry-type-page post-entry-1609'><div class='entry-content-wrapper clearfix'><div  class='flex_column av-13aabj-494fc87c793dc37773dd261c96e88b2b av_one_third  avia-builder-el-2  el_after_av_section  el_before_av_two_third  avia-builder-el-first  first flex_column_div  '     ><style type=\"text\/css\" data-created_by=\"avia_inline_auto\" id=\"style-css-av-zhge7-2d3b8896aa9e99811c9fc7a09ab19dd8\">\n.avia-image-container.av-zhge7-2d3b8896aa9e99811c9fc7a09ab19dd8 img.avia_image{\nbox-shadow:none;\n}\n.avia-image-container.av-zhge7-2d3b8896aa9e99811c9fc7a09ab19dd8 .av-image-caption-overlay-center{\ncolor:#ffffff;\n}\n<\/style>\n<div  class='avia-image-container av-zhge7-2d3b8896aa9e99811c9fc7a09ab19dd8 av-styling- avia-align-center  avia-builder-el-3  avia-builder-el-no-sibling '   itemprop=\"image\" itemscope=\"itemscope\" itemtype=\"https:\/\/schema.org\/ImageObject\" ><div class=\"avia-image-container-inner\"><div class=\"avia-image-overlay-wrap\"><img decoding=\"async\" fetchpriority=\"high\" class='wp-image-1597 avia-img-lazy-loading-not-1597 avia_image ' src=\"https:\/\/www.cranioreflex.com\/wp-content\/uploads\/2025\/03\/martine-baby-square.jpg-1030x1030.webp\" alt='' title='martine-baby-square.jpg'  height=\"1030\" width=\"1030\"  itemprop=\"thumbnailUrl\" srcset=\"https:\/\/www.cranioreflex.com\/wp-content\/uploads\/2025\/03\/martine-baby-square.jpg-1030x1030.webp 1030w, https:\/\/www.cranioreflex.com\/wp-content\/uploads\/2025\/03\/martine-baby-square.jpg-300x300.webp 300w, https:\/\/www.cranioreflex.com\/wp-content\/uploads\/2025\/03\/martine-baby-square.jpg-80x80.webp 80w, https:\/\/www.cranioreflex.com\/wp-content\/uploads\/2025\/03\/martine-baby-square.jpg-768x768.webp 768w, https:\/\/www.cranioreflex.com\/wp-content\/uploads\/2025\/03\/martine-baby-square.jpg-36x36.webp 36w, https:\/\/www.cranioreflex.com\/wp-content\/uploads\/2025\/03\/martine-baby-square.jpg-180x180.webp 180w, https:\/\/www.cranioreflex.com\/wp-content\/uploads\/2025\/03\/martine-baby-square.jpg-705x705.webp 705w, https:\/\/www.cranioreflex.com\/wp-content\/uploads\/2025\/03\/martine-baby-square.jpg.webp 1395w\" sizes=\"(max-width: 1030px) 100vw, 1030px\" \/><\/div><\/div><\/div><\/div><\/p>\n\n<style type=\"text\/css\" data-created_by=\"avia_inline_auto\" id=\"style-css-av-rmnu7-feba7371d4915b24731695f3ce74f356\">\n.flex_column.av-rmnu7-feba7371d4915b24731695f3ce74f356{\nborder-radius:0px 0px 0px 0px;\npadding:0px 0px 0px 0px;\n}\n<\/style>\n<div  class='flex_column av-rmnu7-feba7371d4915b24731695f3ce74f356 av_two_third  avia-builder-el-4  el_after_av_one_third  avia-builder-el-last  flex_column_div av-animated-generic bottom-to-top av-zero-column-padding  '     ><p>\n<style type=\"text\/css\" data-created_by=\"avia_inline_auto\" id=\"style-css-av-mate3g00-6dc4c0fb904c83d15f6bb35255581257\">\n#top .av-special-heading.av-mate3g00-6dc4c0fb904c83d15f6bb35255581257{\npadding-bottom:20px;\nfont-size:34px;\n}\nbody .av-special-heading.av-mate3g00-6dc4c0fb904c83d15f6bb35255581257 .av-special-heading-tag .heading-char{\nfont-size:25px;\n}\n#top #wrap_all .av-special-heading.av-mate3g00-6dc4c0fb904c83d15f6bb35255581257 .av-special-heading-tag{\nfont-size:34px;\n}\n.av-special-heading.av-mate3g00-6dc4c0fb904c83d15f6bb35255581257 .av-subheading{\nfont-size:15px;\n}\n\n@media only screen and (min-width: 480px) and (max-width: 767px){ \n#top #wrap_all .av-special-heading.av-mate3g00-6dc4c0fb904c83d15f6bb35255581257 .av-special-heading-tag{\nfont-size:0.8em;\n}\n}\n\n@media only screen and (max-width: 479px){ \n#top #wrap_all .av-special-heading.av-mate3g00-6dc4c0fb904c83d15f6bb35255581257 .av-special-heading-tag{\nfont-size:0.8em;\n}\n}\n<\/style>\n<div  class='av-special-heading av-mate3g00-6dc4c0fb904c83d15f6bb35255581257 av-special-heading-h3 blockquote modern-quote  avia-builder-el-5  el_before_av_textblock  avia-builder-el-first  av-inherit-size'><h3 class='av-special-heading-tag '  itemprop=\"headline\"  >Dr. Martine Faure-Alderson<\/h3><div class=\"special-heading-border\"><div class=\"special-heading-inner-border\"><\/div><\/div><\/div><br \/>\n<section  class='av_textblock_section av-iibmf-a3c027f8a07b4fe5657e10cedbf31699 '   itemscope=\"itemscope\" itemtype=\"https:\/\/schema.org\/CreativeWork\" ><div class='avia_textblock'  itemprop=\"text\" ><div class=\"main-text fader from-bottom\" data-rocket-location-hash=\"473f6e67e58dc747a93d9fd94af7c21e\">\n<h2>Une pionni\u00e8re<\/h2>\n<p>La passion du Dr Martine Faure-Alderson pour la r\u00e9flexologie et son travail acharn\u00e9 pour explorer de nouvelles perspectives sur les liens entre le mental, l&#8217;\u00e9motionnel et le physique, leurs interactions et la fa\u00e7on de modifier le d\u00e9s\u00e9quilibre et la dysharmonie entre les trois niveaux de l&#8217;\u00eatre humain l&#8217;ont conduite \u00e0 d\u00e9couvrir l&#8217;extraordinaire pouvoir de l&#8217;association de l&#8217;ost\u00e9opathie cr\u00e2nienne et de la th\u00e9rapie cranio-sacr\u00e9e en r\u00e9flexologie.<\/p>\n<h2>Biographie de Martine<\/h2>\n<p>En 1967, alors qu&#8217;elle \u00e9tait \u00e9tudiante \u00e0 l&#8217;\u00c9cole d&#8217;ost\u00e9opathie, le Dr Faure-Alderson a d\u00e9couvert la r\u00e9flexologie lors d&#8217;une conf\u00e9rence de Doreen Bayly. Elle est devenue son \u00e9l\u00e8ve et a voyag\u00e9 avec elle comme assistante \u00e0 travers l&#8217;Europe.<\/p>\n<p>Le Dr Faure-Alderson a fond\u00e9 l&#8217;\u00c9cole de <strong>R\u00e9flexologie RTTFA<\/strong> \u00e0 Paris en 1974.<\/p>\n<p>Elle est la fondatrice de la <strong>R\u00e9flexologie Cr\u00e2nio-Sacr\u00e9e (RCS)<\/strong> et, gr\u00e2ce \u00e0 ses travaux pionniers, a propuls\u00e9 la r\u00e9flexologie vers de nouveaux sommets gr\u00e2ce \u00e0 l&#8217;int\u00e9gration de l&#8217;ost\u00e9opathie, de la th\u00e9rapie cr\u00e2nio-sacr\u00e9e et de la r\u00e9flexologie. Il lui a fallu de nombreuses ann\u00e9es pour d\u00e9velopper et enseigner ce qui est aujourd&#8217;hui connu sous le nom de R\u00e9flexologie Cr\u00e2nio-Sacr\u00e9e (RCS). Au fil des ans, elle a d\u00e9velopp\u00e9 de nouveaux protocoles, notamment cr\u00e2nio-sacr\u00e9s, cardiovasculaires, lymphatiques et hormonaux, qui font d\u00e9sormais partie du cursus de deuxi\u00e8me ann\u00e9e (dipl\u00f4me d&#8217;\u00e9tudes sup\u00e9rieures).<\/p>\n<p>Le Dr Faure-Alderson a supervis\u00e9 un projet de recherche mondial sur l&#8217;effet de la r\u00e9flexologie sur les patients atteints de cancer en milieu hospitalier.<\/p>\n<p>En 2007, elle a re\u00e7u le Globe de <strong>Cristal pour ses travaux<\/strong> de recherche lors de la conf\u00e9rence de l&#8217;ICR \u00e0 Cairns, en Australie.<\/p>\n<p>En 2010, \u00e0 Londres, elle a fond\u00e9 la <strong>CSRI Academy of Excellence<\/strong> afin de promouvoir et de prot\u00e9ger le concept de r\u00e9flexologie cranio-sacr\u00e9e\u00a0; elle a ainsi form\u00e9 et accompagn\u00e9 les praticiens de la r\u00e9flexologie cranio-sacr\u00e9e, qui deviennent d&#8217;abord \u00e9tudiants de l&#8217;organisation, puis membres actifs. Les cours dispens\u00e9s par la CSRI Academy of Excellence sont dispens\u00e9s par des enseignants qualifi\u00e9s et agr\u00e9\u00e9s dans le monde entier.<\/p>\n<p>Le Dr Faure-Alderson a continu\u00e9 \u00e0 donner des conf\u00e9rences sur la r\u00e9flexologie cranio-sacr\u00e9e (RCS) dans le monde entier et \u00e0 d\u00e9velopper de nouveaux cours et protocoles, notamment sur la r\u00e9flexologie cranio-sacr\u00e9e des mains, les os du visage en r\u00e9flexologie et le syst\u00e8me nerveux autonome.<\/p>\n<p>Ses derniers travaux portaient sur l&#8217;effet de la r\u00e9flexologie sur le cerveau \u00e9motionnel et les dysfonctionnements des lobes c\u00e9r\u00e9braux, ainsi que sur les traumatismes cervicaux et leurs effets sur les plans physique, \u00e9motionnel et mental.<\/p>\n<p>En 2006, son livre \u00ab\u00a0<strong>R\u00e9flexologie Totale (Pieds)\u00a0<\/strong>\u00bb a \u00e9t\u00e9 publi\u00e9 en fran\u00e7ais et traduit en anglais et en allemand.<\/p>\n<p>En 2014, \u00ab\u00a0<strong>R\u00e9flexologie Totale (Mains)\u00a0<\/strong>\u00bb a \u00e9t\u00e9 publi\u00e9 en fran\u00e7ais, puis traduit en anglais. Son dernier livre, \u00ab\u00a0<strong>Le Cerveau\u00a0<\/strong>\u00bb, a \u00e9t\u00e9 publi\u00e9 en fran\u00e7ais en 2018.<\/p>\n<p>Elle a pris la parole lors de nombreux congr\u00e8s internationaux de r\u00e9flexologie, notamment au RAA \u00e0 Santa Fe en 2014, au <strong>RiEN<\/strong> \u00e0 Bruxelles en 2016 et au RAC \u00e0 Montr\u00e9al en 2017.<\/p>\n<p>Le Dr Faure-Alderson a \u00e9t\u00e9 nomin\u00e9e au titre de Femme europ\u00e9enne de l&#8217;ann\u00e9e en 1999 et en 2000 pour son \u0153uvre caritative <strong>FARA<\/strong> en faveur des orphelins de Roumanie.<\/p>\n<p>La Dre Faure-Alderson a \u00e9t\u00e9 intronis\u00e9e au Temple de la renomm\u00e9e de l&#8217;<strong>ICR<\/strong> en 2018.<\/p>\n<p>Elle est d\u00e9c\u00e9d\u00e9e en avril 2019.<\/p>\n<p>Son h\u00e9ritage sera perp\u00e9tu\u00e9 par tous ses \u00e9l\u00e8ves et enseignants \u00e0 travers le monde.<\/p>\n<\/div>\n<\/div><\/section><br \/>\n<div  class='avia-video av-matebos6-1e41d1825281ecf369441585abb4c287 avia-video-16-9 av-no-preview-image avia-video-load-always av-lazyload-immediate av-lazyload-video-embed'  itemprop=\"video\" itemtype=\"https:\/\/schema.org\/VideoObject\"  data-original_url='https:\/\/youtu.be\/EQFZ9twXSzo'><script type='text\/html' class='av-video-tmpl'><div class='avia-iframe-wrap'><iframe loading=\"lazy\" title=\"Introduction to CSRI\" width=\"1500\" height=\"844\" src=\"https:\/\/www.youtube.com\/embed\/EQFZ9twXSzo?feature=oembed&autoplay=0&loop=0&controls=1&mute=0\" frameborder=\"0\" allow=\"accelerometer; autoplay; clipboard-write; encrypted-media; gyroscope; picture-in-picture; web-share\" referrerpolicy=\"strict-origin-when-cross-origin\" allowfullscreen><\/iframe><\/div><\/script><div class='av-click-to-play-overlay'><div class=\"avia_playpause_icon\"><\/div><\/div><\/div><\/p><\/div>\n","protected":false},"excerpt":{"rendered":"","protected":false},"author":1,"featured_media":0,"parent":1606,"menu_order":0,"comment_status":"closed","ping_status":"closed","template":"","meta":{"footnotes":""},"class_list":["post-1609","page","type-page","status-publish","hentry"],"_links":{"self":[{"href":"https:\/\/www.cranioreflex.com\/fr\/wp-json\/wp\/v2\/pages\/1609","targetHints":{"allow":["GET"]}}],"collection":[{"href":"https:\/\/www.cranioreflex.com\/fr\/wp-json\/wp\/v2\/pages"}],"about":[{"href":"https:\/\/www.cranioreflex.com\/fr\/wp-json\/wp\/v2\/types\/page"}],"author":[{"embeddable":true,"href":"https:\/\/www.cranioreflex.com\/fr\/wp-json\/wp\/v2\/users\/1"}],"replies":[{"embeddable":true,"href":"https:\/\/www.cranioreflex.com\/fr\/wp-json\/wp\/v2\/comments?post=1609"}],"version-history":[{"count":3,"href":"https:\/\/www.cranioreflex.com\/fr\/wp-json\/wp\/v2\/pages\/1609\/revisions"}],"predecessor-version":[{"id":1710,"href":"https:\/\/www.cranioreflex.com\/fr\/wp-json\/wp\/v2\/pages\/1609\/revisions\/1710"}],"up":[{"embeddable":true,"href":"https:\/\/www.cranioreflex.com\/fr\/wp-json\/wp\/v2\/pages\/1606"}],"wp:attachment":[{"href":"https:\/\/www.cranioreflex.com\/fr\/wp-json\/wp\/v2\/media?parent=1609"}],"curies":[{"name":"wp","href":"https:\/\/api.w.org\/{rel}","templated":true}]}}