{"id":1608,"date":"2016-07-15T14:19:13","date_gmt":"2016-07-15T12:19:13","guid":{"rendered":"http:\/\/csri.korpak.hu\/?page_id=1608"},"modified":"2025-06-09T14:41:28","modified_gmt":"2025-06-09T12:41:28","slug":"a-propos-de-mariann","status":"publish","type":"page","link":"https:\/\/www.cranioreflex.com\/fr\/a-propos-du-csri\/a-propos-de-mariann\/","title":{"rendered":"\u00c0 propos de Mariann"},"content":{"rendered":"<div id='av_section_1'  class='avia-section av-7gu78-4f9adaa6ba9809b8941afa56fc8bd56d footer_color avia-section-default avia-no-border-styling  avia-builder-el-0  el_before_av_one_third  avia-builder-el-first  avia-bg-style-scroll container_wrap fullsize'  ><div class='container av-section-cont-open' ><main  role=\"main\" itemprop=\"mainContentOfPage\"  class='template-page content  av-content-full alpha units'><div class='post-entry post-entry-type-page post-entry-1608'><div class='entry-content-wrapper clearfix'>\n\n<style type=\"text\/css\" data-created_by=\"avia_inline_auto\" id=\"style-css-av-m7rw8xvn-886e8d132ebdc4c0e70efad24b8a8b7c\">\n#top .av-special-heading.av-m7rw8xvn-886e8d132ebdc4c0e70efad24b8a8b7c{\ncolor:#ffffff;\n}\nbody .av-special-heading.av-m7rw8xvn-886e8d132ebdc4c0e70efad24b8a8b7c .av-special-heading-tag .heading-char{\nfont-size:25px;\n}\n.av-special-heading.av-m7rw8xvn-886e8d132ebdc4c0e70efad24b8a8b7c .special-heading-inner-border{\nborder-color:#ffffff;\n}\n.av-special-heading.av-m7rw8xvn-886e8d132ebdc4c0e70efad24b8a8b7c .av-subheading{\nfont-size:15px;\n}\n<\/style>\n<div  class='av-special-heading av-m7rw8xvn-886e8d132ebdc4c0e70efad24b8a8b7c av-special-heading-h1 custom-color-heading blockquote modern-quote  avia-builder-el-1  avia-builder-el-no-sibling '><h1 class='av-special-heading-tag '  itemprop=\"headline\"  >\u00c0 propos de Mariann<\/h1><div class=\"special-heading-border\"><div class=\"special-heading-inner-border\"><\/div><\/div><\/div>\n<\/div><\/div><\/main><!-- close content main element --><\/div><\/div><div id='after_section_1'  class='main_color av_default_container_wrap container_wrap fullsize'  ><div class='container av-section-cont-open' ><div class='template-page content  av-content-full alpha units'><div class='post-entry post-entry-type-page post-entry-1608'><div class='entry-content-wrapper clearfix'><div  class='flex_column av-ylhx8-5105bda9a00ca7feb1e063ce41f1f44b av_one_third  avia-builder-el-2  el_after_av_section  el_before_av_two_third  avia-builder-el-first  first flex_column_div  '     ><p>\n<style type=\"text\/css\" data-created_by=\"avia_inline_auto\" id=\"style-css-av-t8aoc-4c47cee679a98d341ffc094a8c3af610\">\n.avia-image-container.av-t8aoc-4c47cee679a98d341ffc094a8c3af610 img.avia_image{\nbox-shadow:none;\n}\n.avia-image-container.av-t8aoc-4c47cee679a98d341ffc094a8c3af610 .av-image-caption-overlay-center{\ncolor:#ffffff;\n}\n<\/style>\n<div  class='avia-image-container av-t8aoc-4c47cee679a98d341ffc094a8c3af610 av-styling- avia-align-center  avia-builder-el-3  el_before_av_image  avia-builder-el-first '   itemprop=\"image\" itemscope=\"itemscope\" itemtype=\"https:\/\/schema.org\/ImageObject\" ><div class=\"avia-image-container-inner\"><div class=\"avia-image-overlay-wrap\"><img decoding=\"async\" fetchpriority=\"high\" class='wp-image-1624 avia-img-lazy-loading-not-1624 avia_image ' src=\"https:\/\/www.cranioreflex.com\/wp-content\/uploads\/2025\/05\/MF_.jpg\" alt='' title='MF_'  height=\"300\" width=\"240\"  itemprop=\"thumbnailUrl\"  \/><\/div><\/div><\/div><br \/>\n\n<style type=\"text\/css\" data-created_by=\"avia_inline_auto\" id=\"style-css-av-mbdex4wp-ff2f334ed9c6e5cadb0e6b23cfcc1ac3\">\n.avia-image-container.av-mbdex4wp-ff2f334ed9c6e5cadb0e6b23cfcc1ac3 img.avia_image{\nbox-shadow:none;\n}\n.avia-image-container.av-mbdex4wp-ff2f334ed9c6e5cadb0e6b23cfcc1ac3 .av-image-caption-overlay-center{\ncolor:#ffffff;\n}\n<\/style>\n<div  class='avia-image-container av-mbdex4wp-ff2f334ed9c6e5cadb0e6b23cfcc1ac3 av-styling- av-img-linked avia-align-center  avia-builder-el-4  el_after_av_image  avia-builder-el-last '   itemprop=\"image\" itemscope=\"itemscope\" itemtype=\"https:\/\/schema.org\/ImageObject\" ><div class=\"avia-image-container-inner\"><div class=\"avia-image-overlay-wrap\"><a href=\"craniofreed.com\/\" class='avia_image '  target=\"_blank\"  rel=\"noopener noreferrer\" aria-label='Mariann-Freed-black-high-res'><img decoding=\"async\" fetchpriority=\"high\" class='wp-image-1683 avia-img-lazy-loading-not-1683 avia_image ' src=\"https:\/\/www.cranioreflex.com\/wp-content\/uploads\/2025\/05\/Mariann-Freed-black-high-res-1-scaled.png\" alt='' title='Mariann-Freed-black-high-res'  height=\"180\" width=\"180\"  itemprop=\"thumbnailUrl\" srcset=\"https:\/\/www.cranioreflex.com\/wp-content\/uploads\/2025\/05\/Mariann-Freed-black-high-res-1-scaled.png 2560w, https:\/\/www.cranioreflex.com\/wp-content\/uploads\/2025\/05\/Mariann-Freed-black-high-res-1-300x300.png 300w, https:\/\/www.cranioreflex.com\/wp-content\/uploads\/2025\/05\/Mariann-Freed-black-high-res-1-1030x1030.png 1030w, https:\/\/www.cranioreflex.com\/wp-content\/uploads\/2025\/05\/Mariann-Freed-black-high-res-1-80x80.png 80w, https:\/\/www.cranioreflex.com\/wp-content\/uploads\/2025\/05\/Mariann-Freed-black-high-res-1-768x768.png 768w\" sizes=\"(max-width: 180px) 100vw, 180px\" \/><\/a><\/div><\/div><\/div><\/p><\/div><\/p>\n\n<style type=\"text\/css\" data-created_by=\"avia_inline_auto\" id=\"style-css-av-j1vbg-26b11a8bea305cf410d3f9e84bf60370\">\n.flex_column.av-j1vbg-26b11a8bea305cf410d3f9e84bf60370{\nborder-radius:0px 0px 0px 0px;\npadding:0px 0px 0px 0px;\n}\n<\/style>\n<div  class='flex_column av-j1vbg-26b11a8bea305cf410d3f9e84bf60370 av_two_third  avia-builder-el-5  el_after_av_one_third  avia-builder-el-last  flex_column_div av-animated-generic bottom-to-top av-zero-column-padding  '     ><p>\n<style type=\"text\/css\" data-created_by=\"avia_inline_auto\" id=\"style-css-av-ew5no-2cd945496a6d518c7b66cb2218efa9da\">\n#top .av-special-heading.av-ew5no-2cd945496a6d518c7b66cb2218efa9da{\npadding-bottom:20px;\nfont-size:34px;\n}\nbody .av-special-heading.av-ew5no-2cd945496a6d518c7b66cb2218efa9da .av-special-heading-tag .heading-char{\nfont-size:25px;\n}\n#top #wrap_all .av-special-heading.av-ew5no-2cd945496a6d518c7b66cb2218efa9da .av-special-heading-tag{\nfont-size:34px;\n}\n.av-special-heading.av-ew5no-2cd945496a6d518c7b66cb2218efa9da .av-subheading{\nfont-size:15px;\n}\n\n@media only screen and (min-width: 480px) and (max-width: 767px){ \n#top #wrap_all .av-special-heading.av-ew5no-2cd945496a6d518c7b66cb2218efa9da .av-special-heading-tag{\nfont-size:0.8em;\n}\n}\n\n@media only screen and (max-width: 479px){ \n#top #wrap_all .av-special-heading.av-ew5no-2cd945496a6d518c7b66cb2218efa9da .av-special-heading-tag{\nfont-size:0.8em;\n}\n}\n<\/style>\n<div  class='av-special-heading av-ew5no-2cd945496a6d518c7b66cb2218efa9da av-special-heading-h3 blockquote modern-quote  avia-builder-el-6  el_before_av_textblock  avia-builder-el-first  av-inherit-size'><h3 class='av-special-heading-tag '  itemprop=\"headline\"  >Mariann Freed<\/h3><div class=\"special-heading-border\"><div class=\"special-heading-inner-border\"><\/div><\/div><\/div><br \/>\n<section  class='av_textblock_section av-br8uc-ac54c2dd444174b7bcb98401b46c7956 '   itemscope=\"itemscope\" itemtype=\"https:\/\/schema.org\/CreativeWork\" ><div class='avia_textblock'  itemprop=\"text\" ><p>Chez Cranio-Sacral Reflexology International, nous visons l&#8217;excellence et vous proposons, \u00e0 vous, r\u00e9flexologues, des programmes d&#8217;enseignement de haute qualit\u00e9, afin que vous puissiez r\u00e9pondre aux exigences en constante \u00e9volution de ce monde.<\/p>\n<p>En nous effor\u00e7ant constamment d&#8217;\u00e9lever les standards de formation, dans l&#8217;esprit de notre fondateur, le Dr Faure Alderson, nous contribuons \u00e0 former les r\u00e9flexologues de demain, hautement qualifi\u00e9s et comp\u00e9tents.<\/p>\n<\/div><\/section><br \/>\n\n<style type=\"text\/css\" data-created_by=\"avia_inline_auto\" id=\"style-css-av-biudg-a9f977eda7d024e7a3b88a439b62eede\">\n.avia-image-container.av-biudg-a9f977eda7d024e7a3b88a439b62eede img.avia_image{\nbox-shadow:none;\n}\n.avia-image-container.av-biudg-a9f977eda7d024e7a3b88a439b62eede .av-image-caption-overlay-center{\ncolor:#ffffff;\n}\n<\/style>\n<div  class='avia-image-container av-biudg-a9f977eda7d024e7a3b88a439b62eede av-styling- avia-align-left  avia-builder-el-8  el_after_av_textblock  avia-builder-el-last '   itemprop=\"image\" itemscope=\"itemscope\" itemtype=\"https:\/\/schema.org\/ImageObject\" ><div class=\"avia-image-container-inner\"><div class=\"avia-image-overlay-wrap\"><img decoding=\"async\" fetchpriority=\"high\" class='wp-image-1627 avia-img-lazy-loading-not-1627 avia_image ' src=\"https:\/\/www.cranioreflex.com\/wp-content\/uploads\/2025\/05\/Mariann-Freed-black-low-res-1200x430.png\" alt='' title='Mariann-Freed-black-low-res'  height=\"430\" width=\"1200\"  itemprop=\"thumbnailUrl\"  \/><\/div><\/div><\/div><\/p><\/div>\n","protected":false},"excerpt":{"rendered":"","protected":false},"author":1,"featured_media":0,"parent":1606,"menu_order":0,"comment_status":"closed","ping_status":"closed","template":"","meta":{"footnotes":""},"class_list":["post-1608","page","type-page","status-publish","hentry"],"_links":{"self":[{"href":"https:\/\/www.cranioreflex.com\/fr\/wp-json\/wp\/v2\/pages\/1608","targetHints":{"allow":["GET"]}}],"collection":[{"href":"https:\/\/www.cranioreflex.com\/fr\/wp-json\/wp\/v2\/pages"}],"about":[{"href":"https:\/\/www.cranioreflex.com\/fr\/wp-json\/wp\/v2\/types\/page"}],"author":[{"embeddable":true,"href":"https:\/\/www.cranioreflex.com\/fr\/wp-json\/wp\/v2\/users\/1"}],"replies":[{"embeddable":true,"href":"https:\/\/www.cranioreflex.com\/fr\/wp-json\/wp\/v2\/comments?post=1608"}],"version-history":[{"count":1,"href":"https:\/\/www.cranioreflex.com\/fr\/wp-json\/wp\/v2\/pages\/1608\/revisions"}],"predecessor-version":[{"id":1630,"href":"https:\/\/www.cranioreflex.com\/fr\/wp-json\/wp\/v2\/pages\/1608\/revisions\/1630"}],"up":[{"embeddable":true,"href":"https:\/\/www.cranioreflex.com\/fr\/wp-json\/wp\/v2\/pages\/1606"}],"wp:attachment":[{"href":"https:\/\/www.cranioreflex.com\/fr\/wp-json\/wp\/v2\/media?parent=1608"}],"curies":[{"name":"wp","href":"https:\/\/api.w.org\/{rel}","templated":true}]}}