{"id":1606,"date":"2016-07-15T14:20:10","date_gmt":"2016-07-15T12:20:10","guid":{"rendered":"http:\/\/csri.korpak.hu\/?page_id=1606"},"modified":"2025-06-09T14:40:29","modified_gmt":"2025-06-09T12:40:29","slug":"a-propos-du-csri","status":"publish","type":"page","link":"https:\/\/www.cranioreflex.com\/fr\/a-propos-du-csri\/","title":{"rendered":"\u00c0 propos du CSRI"},"content":{"rendered":"<div id='av_section_1'  class='avia-section av-m7rvkcqi-65fdb51dbc9296d6c4719580ad0ea400 footer_color avia-section-default avia-no-border-styling  avia-builder-el-0  el_before_av_section  avia-builder-el-first  avia-bg-style-scroll container_wrap fullsize'  ><div class='container av-section-cont-open' ><main  role=\"main\" itemprop=\"mainContentOfPage\"  class='template-page content  av-content-full alpha units'><div class='post-entry post-entry-type-page post-entry-1606'><div class='entry-content-wrapper clearfix'>\n\n<style type=\"text\/css\" data-created_by=\"avia_inline_auto\" id=\"style-css-av-75pazp-388410eaecc92949b740091872569935\">\n#top .av-special-heading.av-75pazp-388410eaecc92949b740091872569935{\ncolor:#ffffff;\n}\nbody .av-special-heading.av-75pazp-388410eaecc92949b740091872569935 .av-special-heading-tag .heading-char{\nfont-size:25px;\n}\n.av-special-heading.av-75pazp-388410eaecc92949b740091872569935 .special-heading-inner-border{\nborder-color:#ffffff;\n}\n.av-special-heading.av-75pazp-388410eaecc92949b740091872569935 .av-subheading{\nfont-size:15px;\n}\n<\/style>\n<div  class='av-special-heading av-75pazp-388410eaecc92949b740091872569935 av-special-heading-h1 custom-color-heading blockquote modern-quote  avia-builder-el-1  avia-builder-el-no-sibling '><h1 class='av-special-heading-tag '  itemprop=\"headline\"  >\u00c0 propos du CSRI<\/h1><div class=\"special-heading-border\"><div class=\"special-heading-inner-border\"><\/div><\/div><\/div>\n<\/div><\/div><\/main><!-- close content main element --><\/div><\/div>\n<style type=\"text\/css\" data-created_by=\"avia_inline_auto\" id=\"style-css-av-n27b9-e4626e54f92c2b0a1f54813b5c20b7f0\">\n.avia-section.av-n27b9-e4626e54f92c2b0a1f54813b5c20b7f0{\nbackground-repeat:no-repeat;\nbackground-image:url(https:\/\/www.cranioreflex.com\/wp-content\/uploads\/2025\/03\/HQ_2.png);\nbackground-position:100% 0%;\nbackground-attachment:scroll;\n}\n<\/style>\n<div id='av_section_2'  class='avia-section av-n27b9-e4626e54f92c2b0a1f54813b5c20b7f0 main_color avia-section-huge avia-no-border-styling  avia-builder-el-2  el_after_av_section  el_before_av_layout_row  avia-bg-style-scroll container_wrap fullsize'  data-section-bg-repeat='no-repeat'><div class='container av-section-cont-open' ><div class='template-page content  av-content-full alpha units'><div class='post-entry post-entry-type-page post-entry-1606'><div class='entry-content-wrapper clearfix'>\n\n<style type=\"text\/css\" data-created_by=\"avia_inline_auto\" id=\"style-css-av-d7stp-8678ae694bebdd6cfb2ddbc55b134506\">\n.flex_column.av-d7stp-8678ae694bebdd6cfb2ddbc55b134506{\nborder-radius:0px 0px 0px 0px;\npadding:0px 0px 0px 0px;\n}\n<\/style>\n<div  class='flex_column av-d7stp-8678ae694bebdd6cfb2ddbc55b134506 av_one_full  avia-builder-el-3  avia-builder-el-no-sibling  first flex_column_div av-animated-generic bottom-to-top av-zero-column-padding  '     ><p>\n<style type=\"text\/css\" data-created_by=\"avia_inline_auto\" id=\"style-css-av-arr2l-a0b417e0d959d0ef56aabd4d24d1670e\">\n#top .av-special-heading.av-arr2l-a0b417e0d959d0ef56aabd4d24d1670e{\npadding-bottom:20px;\nfont-size:34px;\n}\nbody .av-special-heading.av-arr2l-a0b417e0d959d0ef56aabd4d24d1670e .av-special-heading-tag .heading-char{\nfont-size:25px;\n}\n#top #wrap_all .av-special-heading.av-arr2l-a0b417e0d959d0ef56aabd4d24d1670e .av-special-heading-tag{\nfont-size:34px;\n}\n.av-special-heading.av-arr2l-a0b417e0d959d0ef56aabd4d24d1670e .av-subheading{\nfont-size:15px;\n}\n\n@media only screen and (min-width: 480px) and (max-width: 767px){ \n#top #wrap_all .av-special-heading.av-arr2l-a0b417e0d959d0ef56aabd4d24d1670e .av-special-heading-tag{\nfont-size:0.8em;\n}\n}\n\n@media only screen and (max-width: 479px){ \n#top #wrap_all .av-special-heading.av-arr2l-a0b417e0d959d0ef56aabd4d24d1670e .av-special-heading-tag{\nfont-size:0.8em;\n}\n}\n<\/style>\n<div  class='av-special-heading av-arr2l-a0b417e0d959d0ef56aabd4d24d1670e av-special-heading-h3 blockquote modern-quote  avia-builder-el-4  el_before_av_textblock  avia-builder-el-first  av-inherit-size'><h3 class='av-special-heading-tag '  itemprop=\"headline\"  >A propos du CSRI<\/h3><div class=\"special-heading-border\"><div class=\"special-heading-inner-border\"><\/div><\/div><\/div><br \/>\n<section  class='av_textblock_section av-m7rvrio9-15444df4d99e15b01f3ef101bb2af370 '   itemscope=\"itemscope\" itemtype=\"https:\/\/schema.org\/CreativeWork\" ><div class='avia_textblock'  itemprop=\"text\" ><p>Le Dr. Faure Alderson a fond\u00e9 L\u2019Acad\u00e9mie d\u2019Excellence du CSRI \u00e0 Londres en 2010 l\u2019association internationale des praticiens et enseignants de la R\u00e9flexologie Cr\u00e2nio Sacr\u00e9e (CSR abr\u00e9viation en anglais).<\/p>\n<p>Elle a \u00e9t\u00e9 cr\u00e9\u00e9e pour promouvoir et prot\u00e9ger le concept de la R\u00e9flexologie cr\u00e2nio sacr\u00e9e, pour fournir des services de formation et de<br \/>\nsoutien aux praticiens de la R\u00e9flexologie cr\u00e2nio sacr\u00e9e qui deviennent d\u2019abord des \u00e9tudiants de l\u2019organisation, puis des membres praticiens. Le CSRI supervise \u00e9galement l a diffusion de la R\u00e9flexologie Cr\u00e2nio Sacr\u00e9e dans le monde.<\/p>\n<p>Les cours de r\u00e9flexologie cr\u00e2nio sacr\u00e9e dispens\u00e9s par l\u2019Acad\u00e9mie sont enseign\u00e9s par des professeurs qualifi\u00e9s et agr\u00e9\u00e9s par le CSR au<br \/>\nRoyaume Uni et dans le monde entier.<\/p>\n<p>L\u2019Acad\u00e9mie d\u2019Excellence CSRI est une \u00e9cole membre de RiEN.<\/p>\n<\/div><\/section><\/p><\/div><\/div><\/div><\/div><!-- close content main div --><\/div><\/div><div id='av-layout-grid-1'  class='av-layout-grid-container av-1j9na5-ba1cfc2fa6b9650d6c551619bdcd43e6 entry-content-wrapper main_color av-flex-cells  avia-builder-el-6  el_after_av_section  el_before_av_layout_row  grid-row-not-first  container_wrap fullsize'  >\n\n<style type=\"text\/css\" data-created_by=\"avia_inline_auto\" id=\"style-css-av-51xcl-42d97110088cdf8a9b07df3c97709692\">\n.flex_cell.av-51xcl-42d97110088cdf8a9b07df3c97709692{\nvertical-align:middle;\nheight:500px;\nmin-height:500px;\nbackground:url(https:\/\/www.cranioreflex.com\/wp-content\/uploads\/2025\/03\/globe.jpg.webp) 50% 50% no-repeat scroll #22689e;\n}\n.responsive #top #wrap_all .flex_cell.av-51xcl-42d97110088cdf8a9b07df3c97709692{\npadding:0px 0px 0px 0px !important;\n}\n<\/style>\n<div class='flex_cell av-51xcl-42d97110088cdf8a9b07df3c97709692 av-gridrow-cell av_one_half no_margin  avia-builder-el-7  el_before_av_cell_one_half  avia-builder-el-first  av-zero-padding avia-full-stretch'  ><div class='flex_cell_inner'><\/div><\/div>\n<style type=\"text\/css\" data-created_by=\"avia_inline_auto\" id=\"style-css-av-17cnlx-55b4c6523816ae9370de20124cb6c994\">\n.flex_cell.av-17cnlx-55b4c6523816ae9370de20124cb6c994{\nvertical-align:middle;\nheight:500px;\nmin-height:500px;\nbackground-color:#22689e;\n}\n.responsive #top #wrap_all .flex_cell.av-17cnlx-55b4c6523816ae9370de20124cb6c994{\npadding:80px 80px 80px 80px !important;\n}\n<\/style>\n<div class='flex_cell av-17cnlx-55b4c6523816ae9370de20124cb6c994 av-gridrow-cell av_one_half no_margin  avia-builder-el-8  el_after_av_cell_one_half  avia-builder-el-last '  ><div class='flex_cell_inner'><p>\n<style type=\"text\/css\" data-created_by=\"avia_inline_auto\" id=\"style-css-av-m7rvunet-071a36b6c5ae194647cb24f81c980f35\">\n#top .av-special-heading.av-m7rvunet-071a36b6c5ae194647cb24f81c980f35{\npadding-bottom:25px;\ncolor:#ffffff;\nfont-size:34px;\n}\nbody .av-special-heading.av-m7rvunet-071a36b6c5ae194647cb24f81c980f35 .av-special-heading-tag .heading-char{\nfont-size:25px;\n}\n#top #wrap_all .av-special-heading.av-m7rvunet-071a36b6c5ae194647cb24f81c980f35 .av-special-heading-tag{\nfont-size:34px;\n}\n.av-special-heading.av-m7rvunet-071a36b6c5ae194647cb24f81c980f35 .special-heading-inner-border{\nborder-color:#ffffff;\n}\n.av-special-heading.av-m7rvunet-071a36b6c5ae194647cb24f81c980f35 .av-subheading{\nfont-size:15px;\n}\n\n@media only screen and (min-width: 480px) and (max-width: 767px){ \n#top #wrap_all .av-special-heading.av-m7rvunet-071a36b6c5ae194647cb24f81c980f35 .av-special-heading-tag{\nfont-size:0.8em;\n}\n}\n\n@media only screen and (max-width: 479px){ \n#top #wrap_all .av-special-heading.av-m7rvunet-071a36b6c5ae194647cb24f81c980f35 .av-special-heading-tag{\nfont-size:0.8em;\n}\n}\n<\/style>\n<div  class='av-special-heading av-m7rvunet-071a36b6c5ae194647cb24f81c980f35 av-special-heading-h3 custom-color-heading blockquote modern-quote  avia-builder-el-9  el_before_av_textblock  avia-builder-el-first  av-inherit-size'><h3 class='av-special-heading-tag '  itemprop=\"headline\"  >Le r\u00e9seau CSRI<\/h3><div class=\"special-heading-border\"><div class=\"special-heading-inner-border\"><\/div><\/div><\/div><br \/>\n\n<style type=\"text\/css\" data-created_by=\"avia_inline_auto\" id=\"style-css-av-m7rvvbbb-e12586ecda6ce12d6d8bc59b46dff107\">\n#top .av_textblock_section.av-m7rvvbbb-e12586ecda6ce12d6d8bc59b46dff107 .avia_textblock{\ncolor:#ffffff;\n}\n<\/style>\n<section  class='av_textblock_section av-m7rvvbbb-e12586ecda6ce12d6d8bc59b46dff107 '   itemscope=\"itemscope\" itemtype=\"https:\/\/schema.org\/CreativeWork\" ><div class='avia_textblock av_inherit_color'  itemprop=\"text\" ><p>Le r\u00e9seau CSRI s\u2019\u00e9tend du Royaume Uni \u00e0 l\u2019Irlande, l\u2019Islande, le Canada, les Cara\u00efbes, le Kenya, la Hongrie, et le Luxembourg.<\/p>\n<p>Les \u00e9tudiants, les dipl\u00f4m\u00e9s et les enseignants de ces pays sont engag\u00e9s dans la promotion de la r\u00e9flexologie cr\u00e2nio sacr\u00e9e, offrant des traitements efficaces aux clients et des opportunit\u00e9s d\u2019apprendre cette m\u00e9thode unique de r\u00e9flexologie.<\/p>\n<p>Ensemble,nous travaillons \u00e0 l\u2019am\u00e9lioration des normes de professionnalisme et de connaissances, et \u00e9 la compil ation de donn\u00e9es de recherche.<\/p>\n<\/div><\/section><\/p>\n<\/div><\/div><\/div><div id='av-layout-grid-2'  class='av-layout-grid-container av-12if8d-ee8b0d164228220ac3bd4db245a77935 entry-content-wrapper main_color av-flex-cells  avia-builder-el-11  el_after_av_layout_row  el_before_av_layout_row  grid-row-not-first  container_wrap fullsize'  >\n\n<style type=\"text\/css\" data-created_by=\"avia_inline_auto\" id=\"style-css-av-vlbn1-432ff708b0d96db06baac974827d41fa\">\n.flex_cell.av-vlbn1-432ff708b0d96db06baac974827d41fa{\nvertical-align:middle;\nheight:500px;\nmin-height:500px;\n}\n.responsive #top #wrap_all .flex_cell.av-vlbn1-432ff708b0d96db06baac974827d41fa{\npadding:80px 80px 80px 80px !important;\n}\n<\/style>\n<div class='flex_cell av-vlbn1-432ff708b0d96db06baac974827d41fa av-gridrow-cell av_one_half no_margin  avia-builder-el-12  el_before_av_cell_one_half  avia-builder-el-first '  ><div class='flex_cell_inner'><p>\n<style type=\"text\/css\" data-created_by=\"avia_inline_auto\" id=\"style-css-av-m7rvvm38-f5e36365feb3c08ce4d6d937c3bd7ed4\">\n#top .av-special-heading.av-m7rvvm38-f5e36365feb3c08ce4d6d937c3bd7ed4{\npadding-bottom:25px;\nfont-size:34px;\n}\nbody .av-special-heading.av-m7rvvm38-f5e36365feb3c08ce4d6d937c3bd7ed4 .av-special-heading-tag .heading-char{\nfont-size:25px;\n}\n#top #wrap_all .av-special-heading.av-m7rvvm38-f5e36365feb3c08ce4d6d937c3bd7ed4 .av-special-heading-tag{\nfont-size:34px;\n}\n.av-special-heading.av-m7rvvm38-f5e36365feb3c08ce4d6d937c3bd7ed4 .av-subheading{\nfont-size:15px;\n}\n\n@media only screen and (min-width: 480px) and (max-width: 767px){ \n#top #wrap_all .av-special-heading.av-m7rvvm38-f5e36365feb3c08ce4d6d937c3bd7ed4 .av-special-heading-tag{\nfont-size:0.8em;\n}\n}\n\n@media only screen and (max-width: 479px){ \n#top #wrap_all .av-special-heading.av-m7rvvm38-f5e36365feb3c08ce4d6d937c3bd7ed4 .av-special-heading-tag{\nfont-size:0.8em;\n}\n}\n<\/style>\n<div  class='av-special-heading av-m7rvvm38-f5e36365feb3c08ce4d6d937c3bd7ed4 av-special-heading-h3 blockquote modern-quote  avia-builder-el-13  el_before_av_textblock  avia-builder-el-first  av-inherit-size'><h3 class='av-special-heading-tag '  itemprop=\"headline\"  >Ost\u00e9opathie, th\u00e9rapie cr\u00e2nio sacr\u00e9e et r\u00e9flexologie<\/h3><div class=\"special-heading-border\"><div class=\"special-heading-inner-border\"><\/div><\/div><\/div><br \/>\n<section  class='av_textblock_section av-m7rvvx6h-7818292ebb1be4ce57cb60369e2fa7ad '   itemscope=\"itemscope\" itemtype=\"https:\/\/schema.org\/CreativeWork\" ><div class='avia_textblock'  itemprop=\"text\" ><p>La RSC est une m\u00e9thode th\u00e9rapeutique combinant l\u2019utilisation de pressions sur des zones sp\u00e9cifiques du pied, qui se rapportent aux 12 nerfs cr\u00e2niens et \u00e0 l\u2019impulsion du liquide c\u00e9phalo rachidien ( qui entoure le cerveau et la moelle \u00e9pini\u00e8re. On peut y parvenir \u00e0\u00a0 artir d\u2019un point du pied, de la main et de la t\u00eate.<\/p>\n<\/div><\/section><\/p>\n<\/div><\/div>\n<style type=\"text\/css\" data-created_by=\"avia_inline_auto\" id=\"style-css-av-tfbrp-cbbf6451231ea6ddc258bfc22282b617\">\n.flex_cell.av-tfbrp-cbbf6451231ea6ddc258bfc22282b617{\nvertical-align:middle;\nheight:500px;\nmin-height:500px;\nbackground:url(https:\/\/www.cranioreflex.com\/wp-content\/uploads\/2025\/03\/csri1.jpg.webp) 50% 50% no-repeat scroll #22689e;\n}\n.responsive #top #wrap_all .flex_cell.av-tfbrp-cbbf6451231ea6ddc258bfc22282b617{\npadding:0px 0px 0px 0px !important;\n}\n<\/style>\n<div class='flex_cell av-tfbrp-cbbf6451231ea6ddc258bfc22282b617 av-gridrow-cell av_one_half no_margin  avia-builder-el-15  el_after_av_cell_one_half  avia-builder-el-last  av-zero-padding avia-full-stretch'  ><div class='flex_cell_inner'><\/div><\/div><\/div><div id='av-layout-grid-3'  class='av-layout-grid-container av-ml9qt-a7907cccc3e8ac8af08ef890f3ad638a entry-content-wrapper main_color av-flex-cells  avia-builder-el-16  el_after_av_layout_row  avia-builder-el-last  grid-row-not-first  container_wrap fullsize'  >\n\n<style type=\"text\/css\" data-created_by=\"avia_inline_auto\" id=\"style-css-av-h3ix1-e59abe58e05fe73237006078d0a65a0e\">\n.flex_cell.av-h3ix1-e59abe58e05fe73237006078d0a65a0e{\nvertical-align:middle;\nheight:500px;\nmin-height:500px;\nbackground:url(https:\/\/www.cranioreflex.com\/wp-content\/uploads\/2025\/03\/MG_3525.jpg.webp) 0% 0% no-repeat scroll #22689e;\n}\n.responsive #top #wrap_all .flex_cell.av-h3ix1-e59abe58e05fe73237006078d0a65a0e{\npadding:0px 0px 0px 0px !important;\n}\n<\/style>\n<div class='flex_cell av-h3ix1-e59abe58e05fe73237006078d0a65a0e av-gridrow-cell av_one_half no_margin  avia-builder-el-17  el_before_av_cell_one_half  avia-builder-el-first  av-zero-padding avia-full-stretch'  ><div class='flex_cell_inner'><\/div><\/div>\n<style type=\"text\/css\" data-created_by=\"avia_inline_auto\" id=\"style-css-av-bdsa5-cf652467e45572ba12831d0c68bcec9d\">\n.flex_cell.av-bdsa5-cf652467e45572ba12831d0c68bcec9d{\nvertical-align:middle;\nheight:500px;\nmin-height:500px;\nbackground-color:#22689e;\n}\n.responsive #top #wrap_all .flex_cell.av-bdsa5-cf652467e45572ba12831d0c68bcec9d{\npadding:80px 80px 80px 80px !important;\n}\n<\/style>\n<div class='flex_cell av-bdsa5-cf652467e45572ba12831d0c68bcec9d av-gridrow-cell av_one_half no_margin  avia-builder-el-18  el_after_av_cell_one_half  avia-builder-el-last '  ><div class='flex_cell_inner'><p>\n<style type=\"text\/css\" data-created_by=\"avia_inline_auto\" id=\"style-css-av-m7rvw5ph-48a35f377a01e60980779bc8fa903232\">\n#top .av-special-heading.av-m7rvw5ph-48a35f377a01e60980779bc8fa903232{\npadding-bottom:25px;\ncolor:#ffffff;\nfont-size:34px;\n}\nbody .av-special-heading.av-m7rvw5ph-48a35f377a01e60980779bc8fa903232 .av-special-heading-tag .heading-char{\nfont-size:25px;\n}\n#top #wrap_all .av-special-heading.av-m7rvw5ph-48a35f377a01e60980779bc8fa903232 .av-special-heading-tag{\nfont-size:34px;\n}\n.av-special-heading.av-m7rvw5ph-48a35f377a01e60980779bc8fa903232 .special-heading-inner-border{\nborder-color:#ffffff;\n}\n.av-special-heading.av-m7rvw5ph-48a35f377a01e60980779bc8fa903232 .av-subheading{\nfont-size:15px;\n}\n\n@media only screen and (min-width: 480px) and (max-width: 767px){ \n#top #wrap_all .av-special-heading.av-m7rvw5ph-48a35f377a01e60980779bc8fa903232 .av-special-heading-tag{\nfont-size:0.8em;\n}\n}\n\n@media only screen and (max-width: 479px){ \n#top #wrap_all .av-special-heading.av-m7rvw5ph-48a35f377a01e60980779bc8fa903232 .av-special-heading-tag{\nfont-size:0.8em;\n}\n}\n<\/style>\n<div  class='av-special-heading av-m7rvw5ph-48a35f377a01e60980779bc8fa903232 av-special-heading-h3 custom-color-heading blockquote modern-quote  avia-builder-el-19  el_before_av_textblock  avia-builder-el-first  av-inherit-size'><h3 class='av-special-heading-tag '  itemprop=\"headline\"  >Comment Cela fonctionne<\/h3><div class=\"special-heading-border\"><div class=\"special-heading-inner-border\"><\/div><\/div><\/div><br \/>\n\n<style type=\"text\/css\" data-created_by=\"avia_inline_auto\" id=\"style-css-av-m7rvwjzm-97194eb90005f98f437f1e81ddfdc02d\">\n#top .av_textblock_section.av-m7rvwjzm-97194eb90005f98f437f1e81ddfdc02d .avia_textblock{\ncolor:#ffffff;\n}\n<\/style>\n<section  class='av_textblock_section av-m7rvwjzm-97194eb90005f98f437f1e81ddfdc02d '   itemscope=\"itemscope\" itemtype=\"https:\/\/schema.org\/CreativeWork\" ><div class='avia_textblock av_inherit_color'  itemprop=\"text\" ><p>Le CSR permet de traiter les traumatismes et les \u00e9tats li\u00e9s au stress en \u00e9quilibrant la distribution du LCR dans les quatre ventricules du cerveau. La pression appliqu\u00e9e sur les points sp\u00e9cifiques des pieds stimule et r\u00e9 harmonise le rythme cr\u00e2nien mouv ement respiratoire primaire. Les mouvements du LCR peuvent \u00eatre ressentis dans les pieds comme une vague et sont tout \u00e0 fait distincts du pouls du coeur.<\/p>\n<\/div><\/section><\/p>\n<\/div><\/div><\/div><\/p>\n","protected":false},"excerpt":{"rendered":"","protected":false},"author":1,"featured_media":0,"parent":0,"menu_order":0,"comment_status":"closed","ping_status":"closed","template":"","meta":{"footnotes":""},"class_list":["post-1606","page","type-page","status-publish","hentry"],"_links":{"self":[{"href":"https:\/\/www.cranioreflex.com\/fr\/wp-json\/wp\/v2\/pages\/1606","targetHints":{"allow":["GET"]}}],"collection":[{"href":"https:\/\/www.cranioreflex.com\/fr\/wp-json\/wp\/v2\/pages"}],"about":[{"href":"https:\/\/www.cranioreflex.com\/fr\/wp-json\/wp\/v2\/types\/page"}],"author":[{"embeddable":true,"href":"https:\/\/www.cranioreflex.com\/fr\/wp-json\/wp\/v2\/users\/1"}],"replies":[{"embeddable":true,"href":"https:\/\/www.cranioreflex.com\/fr\/wp-json\/wp\/v2\/comments?post=1606"}],"version-history":[{"count":1,"href":"https:\/\/www.cranioreflex.com\/fr\/wp-json\/wp\/v2\/pages\/1606\/revisions"}],"predecessor-version":[{"id":1629,"href":"https:\/\/www.cranioreflex.com\/fr\/wp-json\/wp\/v2\/pages\/1606\/revisions\/1629"}],"wp:attachment":[{"href":"https:\/\/www.cranioreflex.com\/fr\/wp-json\/wp\/v2\/media?parent=1606"}],"curies":[{"name":"wp","href":"https:\/\/api.w.org\/{rel}","templated":true}]}}